{"id":7777,"date":"2022-08-29T19:21:01","date_gmt":"2022-08-29T19:21:01","guid":{"rendered":"https:\/\/senasa.gob.hn\/web\/?page_id=7777"},"modified":"2022-08-29T20:01:41","modified_gmt":"2022-08-29T20:01:41","slug":"laboratorios-de-diagnostico-fitosanitario","status":"publish","type":"page","link":"https:\/\/senasa.gob.hn\/web\/laboratorios-de-diagnostico-fitosanitario\/","title":{"rendered":"Laboratorios de Diagn\u00f3stico Fitosanitario"},"content":{"rendered":"\t\t<div data-elementor-type=\"wp-page\" data-elementor-id=\"7777\" class=\"elementor elementor-7777\">\n\t\t\t\t\t\t<section class=\"elementor-section elementor-top-section elementor-element elementor-element-8229795 elementor-section-boxed elementor-section-height-default elementor-section-height-default\" data-id=\"8229795\" data-element_type=\"section\" data-e-type=\"section\">\n\t\t\t\t\t\t<div class=\"elementor-container elementor-column-gap-default\">\n\t\t\t\t\t<div class=\"elementor-column elementor-col-100 elementor-top-column elementor-element elementor-element-4b82f17\" data-id=\"4b82f17\" data-element_type=\"column\" data-e-type=\"column\">\n\t\t\t<div class=\"elementor-widget-wrap elementor-element-populated\">\n\t\t\t\t\t\t<div class=\"elementor-element elementor-element-5ce984a elementor-widget elementor-widget-heading\" data-id=\"5ce984a\" data-element_type=\"widget\" data-e-type=\"widget\" data-widget_type=\"heading.default\">\n\t\t\t\t<div class=\"elementor-widget-container\">\n\t\t\t\t\t<h2 class=\"elementor-heading-title elementor-size-default\">Laboratorio de Diagn\u00f3stico Fitosanitario de Tegucigalpa<\/h2>\t\t\t\t<\/div>\n\t\t\t\t<\/div>\n\t\t\t\t\t<\/div>\n\t\t<\/div>\n\t\t\t\t\t<\/div>\n\t\t<\/section>\n\t\t\t\t<section class=\"elementor-section elementor-top-section elementor-element elementor-element-792844c elementor-section-boxed elementor-section-height-default elementor-section-height-default\" data-id=\"792844c\" data-element_type=\"section\" data-e-type=\"section\">\n\t\t\t\t\t\t<div class=\"elementor-container elementor-column-gap-default\">\n\t\t\t\t\t<div class=\"elementor-column elementor-col-100 elementor-top-column elementor-element elementor-element-5ba5c2f\" data-id=\"5ba5c2f\" data-element_type=\"column\" data-e-type=\"column\">\n\t\t\t<div class=\"elementor-widget-wrap elementor-element-populated\">\n\t\t\t\t\t\t<div class=\"elementor-element elementor-element-76d4a8a elementor-widget elementor-widget-spacer\" data-id=\"76d4a8a\" data-element_type=\"widget\" data-e-type=\"widget\" data-widget_type=\"spacer.default\">\n\t\t\t\t<div class=\"elementor-widget-container\">\n\t\t\t\t\t\t\t<div class=\"elementor-spacer\">\n\t\t\t<div class=\"elementor-spacer-inner\"><\/div>\n\t\t<\/div>\n\t\t\t\t\t\t<\/div>\n\t\t\t\t<\/div>\n\t\t\t\t\t<\/div>\n\t\t<\/div>\n\t\t\t\t\t<\/div>\n\t\t<\/section>\n\t\t\t\t<section class=\"elementor-section elementor-top-section elementor-element elementor-element-a7634bf elementor-section-boxed elementor-section-height-default elementor-section-height-default\" data-id=\"a7634bf\" data-element_type=\"section\" data-e-type=\"section\">\n\t\t\t\t\t\t<div class=\"elementor-container elementor-column-gap-default\">\n\t\t\t\t\t<div class=\"elementor-column elementor-col-100 elementor-top-column elementor-element elementor-element-ddef261\" data-id=\"ddef261\" data-element_type=\"column\" data-e-type=\"column\">\n\t\t\t<div class=\"elementor-widget-wrap elementor-element-populated\">\n\t\t\t\t\t\t<div class=\"elementor-element elementor-element-bd9ebce elementor-widget elementor-widget-image\" data-id=\"bd9ebce\" data-element_type=\"widget\" data-e-type=\"widget\" data-widget_type=\"image.default\">\n\t\t\t\t<div class=\"elementor-widget-container\">\n\t\t\t\t\t\t\t\t\t\t\t\t\t\t\t<img fetchpriority=\"high\" decoding=\"async\" width=\"768\" height=\"576\" src=\"https:\/\/senasa.gob.hn\/web\/wp-content\/uploads\/2022\/08\/IMG_20210707_083222-768x576.jpg\" class=\"attachment-medium_large size-medium_large wp-image-7779\" alt=\"\" srcset=\"https:\/\/senasa.gob.hn\/web\/wp-content\/uploads\/2022\/08\/IMG_20210707_083222-768x576.jpg 768w, https:\/\/senasa.gob.hn\/web\/wp-content\/uploads\/2022\/08\/IMG_20210707_083222-300x225.jpg 300w, https:\/\/senasa.gob.hn\/web\/wp-content\/uploads\/2022\/08\/IMG_20210707_083222-1024x768.jpg 1024w, https:\/\/senasa.gob.hn\/web\/wp-content\/uploads\/2022\/08\/IMG_20210707_083222-1536x1152.jpg 1536w, https:\/\/senasa.gob.hn\/web\/wp-content\/uploads\/2022\/08\/IMG_20210707_083222-2048x1536.jpg 2048w, https:\/\/senasa.gob.hn\/web\/wp-content\/uploads\/2022\/08\/IMG_20210707_083222-600x450.jpg 600w\" sizes=\"(max-width: 768px) 100vw, 768px\" \/>\t\t\t\t\t\t\t\t\t\t\t\t\t\t\t<\/div>\n\t\t\t\t<\/div>\n\t\t\t\t\t<\/div>\n\t\t<\/div>\n\t\t\t\t\t<\/div>\n\t\t<\/section>\n\t\t\t\t<section class=\"elementor-section elementor-top-section elementor-element elementor-element-9dd6136 elementor-section-boxed elementor-section-height-default elementor-section-height-default\" data-id=\"9dd6136\" data-element_type=\"section\" data-e-type=\"section\">\n\t\t\t\t\t\t<div class=\"elementor-container elementor-column-gap-default\">\n\t\t\t\t\t<div class=\"elementor-column elementor-col-100 elementor-top-column elementor-element elementor-element-31ce989\" data-id=\"31ce989\" data-element_type=\"column\" data-e-type=\"column\">\n\t\t\t<div class=\"elementor-widget-wrap elementor-element-populated\">\n\t\t\t\t\t\t<div class=\"elementor-element elementor-element-ce4a171 elementor-widget elementor-widget-spacer\" data-id=\"ce4a171\" data-element_type=\"widget\" data-e-type=\"widget\" data-widget_type=\"spacer.default\">\n\t\t\t\t<div class=\"elementor-widget-container\">\n\t\t\t\t\t\t\t<div class=\"elementor-spacer\">\n\t\t\t<div class=\"elementor-spacer-inner\"><\/div>\n\t\t<\/div>\n\t\t\t\t\t\t<\/div>\n\t\t\t\t<\/div>\n\t\t\t\t\t<\/div>\n\t\t<\/div>\n\t\t\t\t\t<\/div>\n\t\t<\/section>\n\t\t\t\t<section class=\"elementor-section elementor-top-section elementor-element elementor-element-278f8b2 elementor-section-boxed elementor-section-height-default elementor-section-height-default\" data-id=\"278f8b2\" data-element_type=\"section\" data-e-type=\"section\">\n\t\t\t\t\t\t<div class=\"elementor-container elementor-column-gap-default\">\n\t\t\t\t\t<div class=\"elementor-column elementor-col-100 elementor-top-column elementor-element elementor-element-85f572d\" data-id=\"85f572d\" data-element_type=\"column\" data-e-type=\"column\">\n\t\t\t<div class=\"elementor-widget-wrap elementor-element-populated\">\n\t\t\t\t\t\t<div class=\"elementor-element elementor-element-d0d1f59 elementor-widget elementor-widget-text-editor\" data-id=\"d0d1f59\" data-element_type=\"widget\" data-e-type=\"widget\" data-widget_type=\"text-editor.default\">\n\t\t\t\t<div class=\"elementor-widget-container\">\n\t\t\t\t\t\t\t\t\t<h4>GENERALIDADES<\/h4>\n<p>El Laboratorio de Diagn\u00f3stico Fitosanitario de Tegucigalpa es un Laboratorio Oficial perteneciente a la Direcci\u00f3n \u00a8T\u00e9cnica de Sanidad Vegetal, del Servicio Nacional de Sanidad e Inocuidad Agroalimentaria (SENASA). Est\u00e1 orientado al diagn\u00f3stico fitosanitario de plagas insectiles cuarentenarias y no cuarentenarias, permitiendo as\u00ed el control de acceso o su dispersi\u00f3n por el territorio nacional.<\/p>\n<p>Actualmente est\u00e1 implementando un Sistema de Gesti\u00f3n de la Calidad basado en los requisitos de la Norma ISO\/IEC 17025:2017, el cual asegura la consistencia en sus actividades de laboratorio y la emisi\u00f3n de resultados de ensayo de gran calidad y confiabilidad.<\/p>\t\t\t\t\t\t\t\t<\/div>\n\t\t\t\t<\/div>\n\t\t\t\t\t<\/div>\n\t\t<\/div>\n\t\t\t\t\t<\/div>\n\t\t<\/section>\n\t\t\t\t<section class=\"elementor-section elementor-top-section elementor-element elementor-element-1de3bf4 elementor-section-boxed elementor-section-height-default elementor-section-height-default\" data-id=\"1de3bf4\" data-element_type=\"section\" data-e-type=\"section\">\n\t\t\t\t\t\t<div class=\"elementor-container elementor-column-gap-default\">\n\t\t\t\t\t<div class=\"elementor-column elementor-col-100 elementor-top-column elementor-element elementor-element-ff11e46\" data-id=\"ff11e46\" data-element_type=\"column\" data-e-type=\"column\">\n\t\t\t<div class=\"elementor-widget-wrap elementor-element-populated\">\n\t\t\t\t\t\t<div class=\"elementor-element elementor-element-bc48e3d elementor-widget elementor-widget-spacer\" data-id=\"bc48e3d\" data-element_type=\"widget\" data-e-type=\"widget\" data-widget_type=\"spacer.default\">\n\t\t\t\t<div class=\"elementor-widget-container\">\n\t\t\t\t\t\t\t<div class=\"elementor-spacer\">\n\t\t\t<div class=\"elementor-spacer-inner\"><\/div>\n\t\t<\/div>\n\t\t\t\t\t\t<\/div>\n\t\t\t\t<\/div>\n\t\t\t\t\t<\/div>\n\t\t<\/div>\n\t\t\t\t\t<\/div>\n\t\t<\/section>\n\t\t\t\t<section class=\"elementor-section elementor-top-section elementor-element elementor-element-a9ed3bb elementor-section-boxed elementor-section-height-default elementor-section-height-default\" data-id=\"a9ed3bb\" data-element_type=\"section\" data-e-type=\"section\">\n\t\t\t\t\t\t<div class=\"elementor-container elementor-column-gap-default\">\n\t\t\t\t\t<div class=\"elementor-column elementor-col-50 elementor-top-column elementor-element elementor-element-de280f9\" data-id=\"de280f9\" data-element_type=\"column\" data-e-type=\"column\">\n\t\t\t<div class=\"elementor-widget-wrap elementor-element-populated\">\n\t\t\t\t\t\t<div class=\"elementor-element elementor-element-2d1f5cb elementor-widget elementor-widget-text-editor\" data-id=\"2d1f5cb\" data-element_type=\"widget\" data-e-type=\"widget\" data-widget_type=\"text-editor.default\">\n\t\t\t\t<div class=\"elementor-widget-container\">\n\t\t\t\t\t\t\t\t\t<h4>UBICACI\u00d3N<\/h4><p>El Laboratorio de Diagn\u00f3stico Fitosanitario de Tegucigalpa est\u00e1 ubicado en los predios del SENASA, col. Loma Linda Norte, ave. La FAO, Tegucigalpa, M.D.C., Honduras.<\/p>\t\t\t\t\t\t\t\t<\/div>\n\t\t\t\t<\/div>\n\t\t\t\t\t<\/div>\n\t\t<\/div>\n\t\t\t\t<div class=\"elementor-column elementor-col-50 elementor-top-column elementor-element elementor-element-a3f8491\" data-id=\"a3f8491\" data-element_type=\"column\" data-e-type=\"column\">\n\t\t\t<div class=\"elementor-widget-wrap elementor-element-populated\">\n\t\t\t\t\t\t<div class=\"elementor-element elementor-element-692509c elementor-widget elementor-widget-google_maps\" data-id=\"692509c\" data-element_type=\"widget\" data-e-type=\"widget\" data-widget_type=\"google_maps.default\">\n\t\t\t\t<div class=\"elementor-widget-container\">\n\t\t\t\t\t\t\t<div class=\"elementor-custom-embed\">\n\t\t\t<iframe loading=\"lazy\"\n\t\t\t\t\tsrc=\"https:\/\/maps.google.com\/maps?q=SENASA&#038;t=m&#038;z=14&#038;output=embed&#038;iwloc=near\"\n\t\t\t\t\ttitle=\"SENASA\"\n\t\t\t\t\taria-label=\"SENASA\"\n\t\t\t><\/iframe>\n\t\t<\/div>\n\t\t\t\t\t\t<\/div>\n\t\t\t\t<\/div>\n\t\t\t\t\t<\/div>\n\t\t<\/div>\n\t\t\t\t\t<\/div>\n\t\t<\/section>\n\t\t\t\t<section class=\"elementor-section elementor-top-section elementor-element elementor-element-7e5c5d2 elementor-section-boxed elementor-section-height-default elementor-section-height-default\" data-id=\"7e5c5d2\" data-element_type=\"section\" data-e-type=\"section\">\n\t\t\t\t\t\t<div class=\"elementor-container elementor-column-gap-default\">\n\t\t\t\t\t<div class=\"elementor-column elementor-col-100 elementor-top-column elementor-element elementor-element-c498aec\" data-id=\"c498aec\" data-element_type=\"column\" data-e-type=\"column\">\n\t\t\t<div class=\"elementor-widget-wrap elementor-element-populated\">\n\t\t\t\t\t\t<div class=\"elementor-element elementor-element-fe61fc8 elementor-widget elementor-widget-spacer\" data-id=\"fe61fc8\" data-element_type=\"widget\" data-e-type=\"widget\" data-widget_type=\"spacer.default\">\n\t\t\t\t<div class=\"elementor-widget-container\">\n\t\t\t\t\t\t\t<div class=\"elementor-spacer\">\n\t\t\t<div class=\"elementor-spacer-inner\"><\/div>\n\t\t<\/div>\n\t\t\t\t\t\t<\/div>\n\t\t\t\t<\/div>\n\t\t\t\t\t<\/div>\n\t\t<\/div>\n\t\t\t\t\t<\/div>\n\t\t<\/section>\n\t\t\t\t<section class=\"elementor-section elementor-top-section elementor-element elementor-element-eddc077 elementor-section-boxed elementor-section-height-default elementor-section-height-default\" data-id=\"eddc077\" data-element_type=\"section\" data-e-type=\"section\">\n\t\t\t\t\t\t<div class=\"elementor-container elementor-column-gap-default\">\n\t\t\t\t\t<div class=\"elementor-column elementor-col-100 elementor-top-column elementor-element elementor-element-2fce907\" data-id=\"2fce907\" data-element_type=\"column\" data-e-type=\"column\">\n\t\t\t<div class=\"elementor-widget-wrap elementor-element-populated\">\n\t\t\t\t\t\t<div class=\"elementor-element elementor-element-abf4efb elementor-widget elementor-widget-text-editor\" data-id=\"abf4efb\" data-element_type=\"widget\" data-e-type=\"widget\" data-widget_type=\"text-editor.default\">\n\t\t\t\t<div class=\"elementor-widget-container\">\n\t\t\t\t\t\t\t\t\t<h4>SERVICIOS DE ENSAYO<\/h4><p>A continuaci\u00f3n se enlistan los ensayos que el Laboratorio tiene a su disposici\u00f3n:<\/p>\t\t\t\t\t\t\t\t<\/div>\n\t\t\t\t<\/div>\n\t\t\t\t\t<\/div>\n\t\t<\/div>\n\t\t\t\t\t<\/div>\n\t\t<\/section>\n\t\t\t\t<section class=\"elementor-section elementor-top-section elementor-element elementor-element-7007d01 elementor-section-boxed elementor-section-height-default elementor-section-height-default\" data-id=\"7007d01\" data-element_type=\"section\" data-e-type=\"section\">\n\t\t\t\t\t\t<div class=\"elementor-container elementor-column-gap-default\">\n\t\t\t\t\t<div class=\"elementor-column elementor-col-100 elementor-top-column elementor-element elementor-element-261f3c4\" data-id=\"261f3c4\" data-element_type=\"column\" data-e-type=\"column\">\n\t\t\t<div class=\"elementor-widget-wrap elementor-element-populated\">\n\t\t\t\t\t\t<div class=\"elementor-element elementor-element-5165ee6 elementor-widget elementor-widget-text-editor\" data-id=\"5165ee6\" data-element_type=\"widget\" data-e-type=\"widget\" data-widget_type=\"text-editor.default\">\n\t\t\t\t<div class=\"elementor-widget-container\">\n\t\t\t\t\t\t\t\t\t<table style=\"border-collapse: collapse; width: 362pt;\" border=\"0\" width=\"483\" cellspacing=\"0\" cellpadding=\"0\">\n<colgroup>\n<col style=\"mso-width-source: userset; mso-width-alt: 12145; width: 256pt;\" width=\"342\">\n<col style=\"mso-width-source: userset; mso-width-alt: 5006; width: 106pt;\" width=\"141\"> <\/colgroup>\n<tbody>\n<tr style=\"height: 14.4pt;\">\n<td class=\"xl68\" style=\"height: 14.4pt; width: 256pt;\" width=\"342\" height=\"19\"><b>&nbsp; &nbsp; &nbsp; &nbsp; &nbsp; &nbsp; &nbsp; &nbsp; &nbsp; &nbsp; &nbsp; &nbsp; Ensayos<\/b><\/td>\n<td class=\"xl72\" style=\"width: 106pt;\" width=\"141\"><b>&nbsp; &nbsp; &nbsp; M\u00e9todo de&nbsp; &nbsp; &nbsp; &nbsp; &nbsp; &nbsp; &nbsp;an\u00e1lisis<\/b><\/td>\n<\/tr>\n<tr style=\"height: 14.4pt;\">\n<td class=\"xl66\" style=\"height: 14.4pt; width: 256pt;\" width=\"342\" height=\"19\">Mosca o fracci\u00f3n que contiene una sola especie.&nbsp;<\/td>\n<td class=\"xl71\">Microscop\u00eda<\/td>\n<\/tr>\n<tr style=\"height: 14.4pt;\">\n<td class=\"xl66\" style=\"height: 14.4pt; width: 256pt;\" width=\"342\" height=\"19\">Por cada especie adicional identificada&nbsp;<\/td>\n<td class=\"xl71\">Microscop\u00eda<\/td>\n<\/tr>\n<tr style=\"height: 14.4pt;\">\n<td class=\"xl66\" style=\"height: 14.4pt; width: 256pt;\" width=\"342\" height=\"19\">Identificaci\u00f3n de plagas insectiles u otros artr\u00f3podos.&nbsp;<\/td>\n<td class=\"xl71\">Microscop\u00eda<\/td>\n<\/tr>\n<tr style=\"height: 14.4pt;\">\n<td class=\"xl66\" style=\"height: 14.4pt; width: 256pt;\" width=\"342\" height=\"19\">An\u00e1lisis de nem\u00e1todos<\/td>\n<td class=\"xl71\">Microscop\u00eda<\/td>\n<\/tr>\n<\/tbody>\n<\/table>\t\t\t\t\t\t\t\t<\/div>\n\t\t\t\t<\/div>\n\t\t\t\t\t<\/div>\n\t\t<\/div>\n\t\t\t\t\t<\/div>\n\t\t<\/section>\n\t\t\t\t<section class=\"elementor-section elementor-top-section elementor-element elementor-element-cad6ee0 elementor-section-boxed elementor-section-height-default elementor-section-height-default\" data-id=\"cad6ee0\" data-element_type=\"section\" data-e-type=\"section\">\n\t\t\t\t\t\t<div class=\"elementor-container elementor-column-gap-default\">\n\t\t\t\t\t<div class=\"elementor-column elementor-col-100 elementor-top-column elementor-element elementor-element-2f53cbf\" data-id=\"2f53cbf\" data-element_type=\"column\" data-e-type=\"column\">\n\t\t\t<div class=\"elementor-widget-wrap elementor-element-populated\">\n\t\t\t\t\t\t<div class=\"elementor-element elementor-element-e73174f elementor-widget elementor-widget-text-editor\" data-id=\"e73174f\" data-element_type=\"widget\" data-e-type=\"widget\" data-widget_type=\"text-editor.default\">\n\t\t\t\t<div class=\"elementor-widget-container\">\n\t\t\t\t\t\t\t\t\t<p style=\"font-size: 16px; font-style: normal; font-weight: 400;\">Para ver los precios de los servicios prestados dirigirse al Reglamento de Tasas por los Servicios prestados por el Servicio Nacional de Sanidad e Inocuidad Agroalimentaria, visitar el siguiente enlace:\u00a0 \u00a0<a style=\"font-size: 16px;\" href=\"https:\/\/senasa.gob.hn\/images\/Legal\/Aplicacion%20General\/Reglamento%20de%20Tasas%20por%20Servicio.pdf\">https:\/\/senasa.gob.hn\/images\/Legal\/Aplicacion%20General\/Reglamento%20de%20Tasas%20por%20Servicio.pdf<\/a><\/p><p style=\"font-size: 16px; font-style: normal; font-weight: 400;\">Para la generaci\u00f3n del Recibo TGR-1, visitar el siguiente enlace:\u00a0<\/p><p style=\"font-size: 16px; font-style: normal; font-weight: 400;\"><a style=\"font-size: 16px;\" href=\"http:\/\/pos.senasa.gob.hn\/SGR-WEB\/#\/\">http:\/\/pos.senasa.gob.hn\/SGR-WEB\/#\/<\/a><\/p>\t\t\t\t\t\t\t\t<\/div>\n\t\t\t\t<\/div>\n\t\t\t\t\t<\/div>\n\t\t<\/div>\n\t\t\t\t\t<\/div>\n\t\t<\/section>\n\t\t\t\t<section class=\"elementor-section elementor-top-section elementor-element elementor-element-7ee08ef elementor-section-boxed elementor-section-height-default elementor-section-height-default\" data-id=\"7ee08ef\" data-element_type=\"section\" data-e-type=\"section\">\n\t\t\t\t\t\t<div class=\"elementor-container elementor-column-gap-default\">\n\t\t\t\t\t<div class=\"elementor-column elementor-col-100 elementor-top-column elementor-element elementor-element-7298a1d\" data-id=\"7298a1d\" data-element_type=\"column\" data-e-type=\"column\">\n\t\t\t<div class=\"elementor-widget-wrap elementor-element-populated\">\n\t\t\t\t\t\t<div class=\"elementor-element elementor-element-4287a8e elementor-widget elementor-widget-spacer\" data-id=\"4287a8e\" data-element_type=\"widget\" data-e-type=\"widget\" data-widget_type=\"spacer.default\">\n\t\t\t\t<div class=\"elementor-widget-container\">\n\t\t\t\t\t\t\t<div class=\"elementor-spacer\">\n\t\t\t<div class=\"elementor-spacer-inner\"><\/div>\n\t\t<\/div>\n\t\t\t\t\t\t<\/div>\n\t\t\t\t<\/div>\n\t\t\t\t\t<\/div>\n\t\t<\/div>\n\t\t\t\t\t<\/div>\n\t\t<\/section>\n\t\t\t\t<section class=\"elementor-section elementor-top-section elementor-element elementor-element-e0ed7d8 elementor-section-boxed elementor-section-height-default elementor-section-height-default\" data-id=\"e0ed7d8\" data-element_type=\"section\" data-e-type=\"section\">\n\t\t\t\t\t\t<div class=\"elementor-container elementor-column-gap-default\">\n\t\t\t\t\t<div class=\"elementor-column elementor-col-100 elementor-top-column elementor-element elementor-element-4c7895d\" data-id=\"4c7895d\" data-element_type=\"column\" data-e-type=\"column\">\n\t\t\t<div class=\"elementor-widget-wrap elementor-element-populated\">\n\t\t\t\t\t\t<div class=\"elementor-element elementor-element-fb2c984 elementor-widget elementor-widget-text-editor\" data-id=\"fb2c984\" data-element_type=\"widget\" data-e-type=\"widget\" data-widget_type=\"text-editor.default\">\n\t\t\t\t<div class=\"elementor-widget-container\">\n\t\t\t\t\t\t\t\t\t<h4>INFORMACI\u00d3N DE CONTACTOS:<\/h4>\n<p>Para mayor informaci\u00f3n comunicarse al tel\u00e9fono (504)2232-6213 ext 236, o escribir al contacto:<\/p><p><ul><li>Lic. Lorena Argueta &#8211; Jefe del Laboratorio (larqueta@senasa.gob.hn)<\/li><\/ul><\/p>\t\t\t\t\t\t\t\t<\/div>\n\t\t\t\t<\/div>\n\t\t\t\t\t<\/div>\n\t\t<\/div>\n\t\t\t\t\t<\/div>\n\t\t<\/section>\n\t\t\t\t<\/div>\n\t\t","protected":false},"excerpt":{"rendered":"<p>Laboratorio de Diagn\u00f3stico Fitosanitario de Tegucigalpa GENERALIDADES El Laboratorio de Diagn\u00f3stico Fitosanitario de Tegucigalpa es un Laboratorio Oficial perteneciente a la Direcci\u00f3n \u00a8T\u00e9cnica de Sanidad Vegetal, del Servicio Nacional de Sanidad e Inocuidad Agroalimentaria (SENASA). Est\u00e1 orientado al diagn\u00f3stico fitosanitario de plagas insectiles cuarentenarias y no cuarentenarias, permitiendo as\u00ed el control de acceso o su &hellip;<\/p>\n<p class=\"read-more\"> <a class=\"\" href=\"https:\/\/senasa.gob.hn\/web\/laboratorios-de-diagnostico-fitosanitario\/\"> <span class=\"screen-reader-text\">Laboratorios de Diagn\u00f3stico Fitosanitario<\/span> Leer m\u00e1s &raquo;<\/a><\/p>\n","protected":false},"author":8,"featured_media":0,"parent":0,"menu_order":0,"comment_status":"closed","ping_status":"closed","template":"","meta":{"ub_ctt_via":"","site-sidebar-layout":"no-sidebar","site-content-layout":"page-builder","ast-main-header-display":"","ast-hfb-above-header-display":"","ast-hfb-below-header-display":"","ast-hfb-mobile-header-display":"","site-post-title":"disabled","ast-breadcrumbs-content":"","ast-featured-img":"disabled","footer-sml-layout":"","theme-transparent-header-meta":"","adv-header-id-meta":"","stick-header-meta":"","header-above-stick-meta":"","header-main-stick-meta":"","header-below-stick-meta":"","footnotes":""},"class_list":["post-7777","page","type-page","status-publish","hentry"],"featured_image_src":null,"_links":{"self":[{"href":"https:\/\/senasa.gob.hn\/web\/wp-json\/wp\/v2\/pages\/7777","targetHints":{"allow":["GET"]}}],"collection":[{"href":"https:\/\/senasa.gob.hn\/web\/wp-json\/wp\/v2\/pages"}],"about":[{"href":"https:\/\/senasa.gob.hn\/web\/wp-json\/wp\/v2\/types\/page"}],"author":[{"embeddable":true,"href":"https:\/\/senasa.gob.hn\/web\/wp-json\/wp\/v2\/users\/8"}],"replies":[{"embeddable":true,"href":"https:\/\/senasa.gob.hn\/web\/wp-json\/wp\/v2\/comments?post=7777"}],"version-history":[{"count":5,"href":"https:\/\/senasa.gob.hn\/web\/wp-json\/wp\/v2\/pages\/7777\/revisions"}],"predecessor-version":[{"id":7791,"href":"https:\/\/senasa.gob.hn\/web\/wp-json\/wp\/v2\/pages\/7777\/revisions\/7791"}],"wp:attachment":[{"href":"https:\/\/senasa.gob.hn\/web\/wp-json\/wp\/v2\/media?parent=7777"}],"curies":[{"name":"wp","href":"https:\/\/api.w.org\/{rel}","templated":true}]}}