{"id":7493,"date":"2022-08-24T15:49:46","date_gmt":"2022-08-24T15:49:46","guid":{"rendered":"https:\/\/senasa.gob.hn\/web\/?page_id=7493"},"modified":"2022-08-24T16:15:02","modified_gmt":"2022-08-24T16:15:02","slug":"que-es-senasa","status":"publish","type":"page","link":"https:\/\/senasa.gob.hn\/web\/que-es-senasa\/","title":{"rendered":"\u00bfque es SENASA?"},"content":{"rendered":"\t\t<div data-elementor-type=\"wp-page\" data-elementor-id=\"7493\" class=\"elementor elementor-7493\">\n\t\t\t\t\t\t<section class=\"elementor-section elementor-top-section elementor-element elementor-element-b0de5ba elementor-section-boxed elementor-section-height-default elementor-section-height-default\" data-id=\"b0de5ba\" data-element_type=\"section\" data-e-type=\"section\">\n\t\t\t\t\t\t<div class=\"elementor-container elementor-column-gap-default\">\n\t\t\t\t\t<div class=\"elementor-column elementor-col-100 elementor-top-column elementor-element elementor-element-50eebd2\" data-id=\"50eebd2\" data-element_type=\"column\" data-e-type=\"column\">\n\t\t\t<div class=\"elementor-widget-wrap elementor-element-populated\">\n\t\t\t\t\t\t<div class=\"elementor-element elementor-element-c73f046 elementor-widget elementor-widget-spacer\" data-id=\"c73f046\" data-element_type=\"widget\" data-e-type=\"widget\" data-widget_type=\"spacer.default\">\n\t\t\t\t<div class=\"elementor-widget-container\">\n\t\t\t\t\t\t\t<div class=\"elementor-spacer\">\n\t\t\t<div class=\"elementor-spacer-inner\"><\/div>\n\t\t<\/div>\n\t\t\t\t\t\t<\/div>\n\t\t\t\t<\/div>\n\t\t\t\t\t<\/div>\n\t\t<\/div>\n\t\t\t\t\t<\/div>\n\t\t<\/section>\n\t\t\t\t<section class=\"elementor-section elementor-top-section elementor-element elementor-element-e530f74 elementor-section-boxed elementor-section-height-default elementor-section-height-default\" data-id=\"e530f74\" data-element_type=\"section\" data-e-type=\"section\">\n\t\t\t\t\t\t<div class=\"elementor-container elementor-column-gap-default\">\n\t\t\t\t\t<div class=\"elementor-column elementor-col-100 elementor-top-column elementor-element elementor-element-2d2c6ed\" data-id=\"2d2c6ed\" data-element_type=\"column\" data-e-type=\"column\">\n\t\t\t<div class=\"elementor-widget-wrap elementor-element-populated\">\n\t\t\t\t\t\t<div class=\"elementor-element elementor-element-ea5d5c4 elementor-widget elementor-widget-heading\" data-id=\"ea5d5c4\" data-element_type=\"widget\" data-e-type=\"widget\" data-widget_type=\"heading.default\">\n\t\t\t\t<div class=\"elementor-widget-container\">\n\t\t\t\t\t<h2 class=\"elementor-heading-title elementor-size-default\">Creaci\u00f3n del SENASA<\/h2>\t\t\t\t<\/div>\n\t\t\t\t<\/div>\n\t\t\t\t<div class=\"elementor-element elementor-element-ac6c8ed elementor-widget elementor-widget-text-editor\" data-id=\"ac6c8ed\" data-element_type=\"widget\" data-e-type=\"widget\" data-widget_type=\"text-editor.default\">\n\t\t\t\t<div class=\"elementor-widget-container\">\n\t\t\t\t\t\t\t\t\t<p><strong>Mediante la Ley Fitosanitaria 157-94 del 04 de Noviembre de 1994<\/strong>&nbsp;en su Art\u00edculo <strong>3 <\/strong>se cre\u00f3 el Servicio Nacional de Sanidad Agropecuaria (SENASA) como una Direcci\u00f3n General, dependiente de la Secretar\u00eda de Estado en los Despachos de Agricultura y Ganader\u00eda (SAG).<\/p>\n<p>Para el a\u00f1o 2016 con el objetivo de adecuar una instituci\u00f3n a las actuales circunstancias comerciales y sanitarias agroalimentarias, se crea mediante <strong>Decreto PCM-038-2016<\/strong> al Servicio Nacional de Sanidad e Inocuidad Agroalimentaria (SENASA) como un ente desconcentrado de la Secretar\u00eda de Estado en los Despachos de Agricultura y Ganader\u00eda (SAG), entidad que goza de plena independencia en su accionar y se desempe\u00f1a con la agilidad y simplificaci\u00f3n que exige el desarrollo del comercio interno e internacional de Honduras.<\/p>\n<p>Mediante <strong>PCM. 015-2022<\/strong> de fecha 03 de septiembre de 2020 publicado en el Diario Oficial la Gaceta se reforma el PCM- 038 -2016 y se&nbsp; crea el Servicio Nacional de Sanidad e Inocuidad Agroalimentaria (SENASA), como un Ente de Seguridad Nacional, Desconcentrado de la Secretar\u00eda de Agricultura y Ganader\u00eda (SAG), ejerciendo su competencia a nivel nacional, con autonom\u00eda t\u00e9cnica, administrativa y financiera, de duraci\u00f3n indefinida y con plena capacidad para adquirir, ejercer derechos y contraer obligaciones, facultades para suscribir Convenios de Cooperaci\u00f3n T\u00e9cnica y Administrativa con organismos nacionales e internacionales en materia Sanitaria, Fitosanitaria y de Inocuidad Alimentaria con el objetivo de velar por la protecci\u00f3n de las personas, de los animales y para preservar los vegetales, as\u00ed como la conservaci\u00f3n e inocuidad de sus productos y subproductos contra la acci\u00f3n perjudicial de las plagas y enfermedades.<\/p>\n<p><strong>Estructura Organizativa <\/strong><\/p>\n<p>Nivel de Direcci\u00f3n y Ejecuci\u00f3n:<\/p>\n<ol>\n<li>Direcci\u00f3n General<\/li>\n<li>Subdirecci\u00f3n General.<\/li>\n<\/ol>\n<p>Nivel de Direcci\u00f3n T\u00e9cnica:<\/p>\n<ol>\n<li>Direcci\u00f3n T\u00e9cnica de Salud Animal<\/li>\n<li>Direcci\u00f3n T\u00e9cnica de Sanidad Vegetal<\/li>\n<li>Direcci\u00f3n T\u00e9cnica de Inocuidad Agroalimentaria<\/li>\n<li>Direcci\u00f3n T\u00e9cnica de Cuarentena Agropecuaria.<\/li><\/ol>\n<p><strong>Nivel de Direcci\u00f3n Administrativa: <\/strong><\/p>\n<ol>\n<li>Direcci\u00f3n Legal<\/li>\n<li>Direcci\u00f3n de Administraci\u00f3n y Finanzas<\/li>\n<li>Direcci\u00f3n de Recursos Humanos y Capacitaci\u00f3n<\/li>\n<li>Secretar\u00eda General<\/li>\n<li>Coordinador de Oficinas Regionales.<\/li>\n<\/ol>\n<p><strong>Nivel de Servicios de Apoyo<\/strong><\/p>\n<ol>\n<li>Unidad de Planificaci\u00f3n, Proyectos y Estudios<\/li>\n<li>Unidad de Modernizaci\u00f3n<\/li>\n<li>Unidad de Infotecnolog\u00eda<\/li>\n<li>Unidad de Comunicaciones<\/li>\n<li>Unidad de Laboratorios<\/li>\n<li>Auditor\u00eda Interna.<\/li>\n<\/ol>\n<p><strong>A Nivel Nacional <\/strong><\/p>\n<p>Cuenta con 10 Oficinas Regionales a nivel nacional las que brindan apoyo a los sectores productivos.<\/p>\n<ol>\n<li>Choluteca<\/li>\n<li>Danl\u00ed<\/li>\n<li>Comayagua<\/li>\n<li>San Pedro Sula<\/li>\n<li>Olanchito<\/li>\n<li>Santa Rosa de Cop\u00e1n<\/li>\n<li>La Ceiba<\/li>\n<li>Juticalpa<\/li>\n<li>Yoro<\/li>\n<li>Col\u00f3n<\/li>\n<\/ol>\n<p><strong>Laboratorios<\/strong><\/p>\n<ol>\n<li>Laboratorio de Control de Calidad San Jos\u00e9<\/li>\n<li>Instituto Hondure\u00f1o de Investigaciones Medico Veterinaria<\/li>\n<li>Laboratorio de An\u00e1lisis de Residuos LANAR<\/li>\n<li>LPACA<\/li>\n<li>Laboratorio de Semilla<\/li>\n<li>Laboratorio de Diagnostico Fitosanitario<\/li>\n<\/ol>\n<p><strong>PUNTO DE CONTACTO<\/strong><\/p>\n<p>El Servicio Nacional de Sanidad e Inocuidad Agroalimentaria (SENASA), sirve como Punto de Contacto en los asuntos de su competencia con la Organizaci\u00f3n Mundial de Salud Animal (OIE) por sus siglas, de la Comisi\u00f3n Internacional de Protecci\u00f3n Fitosanitaria (CIPF) por sus siglas, de la Comisi\u00f3n del Codex Alimentarius (CAC) por sus siglas y del Acuerdo de Medidas Sanitarias y Fitosanitarias de la Organizaci\u00f3n Mundial de Comercio (OMC) y todas aquellas organizaciones que tengan relaci\u00f3n con el objetivo principal del SENASA.<\/p>\n<p><strong>FUNCIONES DEL SENASA<\/strong><\/p>\n<ol>\n<li>La aplicaci\u00f3n de las Leyes, Reglamentos, Acuerdos, Decretos, Normas y Convenios relacionados con su competencia.<\/li>\n<\/ol>\n<ol start=\"2\">\n<li>Emitir las normas y procedimientos reglamentarios y coordinar las acciones para el aseguramiento de la calidad e inocuidad de los alimentos que tengan su origen en el sector agropecuario, tanto para consumo humano como animal; registro, importaci\u00f3n, elaboraci\u00f3n, formulaci\u00f3n, reempaque, reenvase, transporte, almacenaje, venta, uso y manejo adecuado y exportaci\u00f3n de plaguicidas para uso animal, productos veterinarios, productos utilizados en alimentaci\u00f3n animal, biol\u00f3gicos, as\u00ed como de los establecimientos que los importan, produzcan, distribuyan, expendan y\/o exporten.<\/li>\n<\/ol>\n<ol start=\"3\">\n<li>Aplicar y administrar en lo que fuere de su competencia, los Convenios Internacionales, Regionales y resultantes de los Tratados de Libre Comercio ratificados por la Rep\u00fablica de Honduras en materia Sanitaria, Fitosanitaria e Inocuidad Agroalimentaria. Igualmente gestionar\u00e1 los Convenios Nacionales dirigidos al cumplimiento de sus fines.<\/li>\n<\/ol>\n<ol start=\"4\">\n<li>La adopci\u00f3n y armonizaci\u00f3n de las medidas sanitarias y fitosanitarias y los niveles de protecci\u00f3n basadas en las recomendaciones de las organizaciones internacionales de referencia de la OMC, en evidencia cient\u00edfica o en base a una evaluaci\u00f3n de riesgos para facilitar el comercio nacional, regional e internacional de: Animales, vegetales y alimentos destinados a consumo humano, los piensos, medicamentos de uso veterinario e insumos agr\u00edcolas.<\/li>\n<\/ol>\n<ol start=\"5\">\n<li>Reconocer mediante la equivalencia u otros conceptos similares, los sistemas nacionales e internacionales de control de alimentos y sus componentes, cuando se demuestre que alcanzan los mismos objetivos de protecci\u00f3n de la salud de los consumidores, aunque tengan dise\u00f1os o estructuras diferentes.<\/li>\n<\/ol>\n<ol start=\"6\">\n<li>Formular las Pol\u00edticas y Regulaciones Sanitarias y Fitosanitarias destinadas a cumplir con el Acuerdo de Medidas Sanitarias y Fitosanitarios de la Organizaci\u00f3n Mundial de Comercio y las resoluciones y recomendaciones surgidas de la Organizaci\u00f3n Mundial de Salud Animal (OIE); la Convenci\u00f3n Internacional de Protecci\u00f3n Fitosanitaria (CIPF), la Comisi\u00f3n del Codex Alimentarius y dem\u00e1s organismos internacionales dedicados a la vigilancia, control, prevenci\u00f3n y erradicaci\u00f3n de enfermedades y plagas en animales y plantas, sus productos y subproductos.<\/li>\n<\/ol>\n<ol start=\"7\">\n<li>La regulaci\u00f3n sanitaria y fitosanitaria de los organismos, productos de la biotecnolog\u00eda y edici\u00f3n gen\u00f3mica.<\/li>\n<\/ol>\n<ol start=\"8\">\n<li>Establecer, recaudar y administrar las tarifas por la provisi\u00f3n de bienes y servicios especializados brindados por el SENASA. Estas tarifas se aplicar\u00e1n a los servicios brindados directamente y a aquellos delegados por el SENASA a personas naturales y jur\u00eddicas mediante mecanismos de tercerizaci\u00f3n de servicios.<\/li>\n<\/ol>\n<ol start=\"9\">\n<li>Simplificar sus procedimientos administrativos a fin de realizar en forma expedita las acciones, autorizaciones, permisos, registros sanitarios y fitosanitarios y cualquier otro tr\u00e1mite de su competencia que sean necesarios para cumplir con las obligaciones contra\u00eddas con base en la Ley o en virtud de compromisos adquiridos a nivel nacional e internacional.<\/li>\n<\/ol>\n<ol start=\"10\">\n<li>Representar a Honduras ante Organismos Nacionales, Regionales e Internacionales vinculados a la salud animal, sanidad vegetal y la inocuidad de los procesos agroindustriales.<\/li>\n<\/ol>\n<ol start=\"11\">\n<li>Participar en las negociaciones comerciales internacionales del Gobierno de Honduras, as\u00ed como en los foros en donde se establezcan normas con respecto a los asuntos sanitarios, fitosanitarios y de inocuidad.<\/li>\n<\/ol>\n<ol start=\"12\">\n<li>Gestionar el reconocimiento internacional de la condici\u00f3n sanitaria y fitosanitaria del pa\u00eds para mantener los mercados actuales y propiciar la apertura de nuevos.<\/li>\n<\/ol>\n<ol start=\"13\">\n<li>Declarar zonas y \u00e1reas libres y\/o de escasa prevalencia de plagas y enfermedades de los animales y de los vegetales de acuerdo con los procedimientos y recomendaciones de los Organismos Regionales e Internacionales.<\/li>\n<\/ol>\n<ol start=\"14\">\n<li>EL SENASA debe ejecutar las facultades y competencias existentes en materia sanitaria, fitosanitaria, inocuidad y trazabilidad agropecuaria.<\/li>\n<\/ol>\n<ol start=\"15\">\n<li>Establecer los sistemas de informaci\u00f3n necesarios para facilitar las comunicaciones con los usuarios y con las entidades nacionales e internacionales.<\/li>\n<\/ol>\n<ol start=\"16\">\n<li>Ejecutar cuando corresponda la Declaraci\u00f3n de Emergencia Sanitaria y\/o Fitosanitaria decretada por el Presidente de la Rep\u00fablica.<\/li>\n<\/ol>\n<ol start=\"17\">\n<li>Acreditaci\u00f3n de terceros para que se ejecuten una o m\u00e1s actividades en el marco de programas sanitarios del SENASA.<\/li>\n<\/ol>\n<ol start=\"18\">\n<li>Normar, fiscalizar, formular, desarrollar, administrar, asesorar y facilitar el Registro Oficial de Trazabilidad Agropecuaria con alcance a la explotaci\u00f3n primaria, la transformaci\u00f3n y la distribuci\u00f3n de la producci\u00f3n animal, vegetal, ap\u00edcola, acu\u00edcola, pesquera; sus productos, subproductos y derivados, insumos y materias primas que lo integran y cualquier otra sustancia destinada a ser incorporada en un alimento de consumo humano o en un alimento para animales. En el caso de los lugares de producci\u00f3n agr\u00edcolas se registrar\u00e1n bajo la NIMF 36.<\/li>\n<\/ol>\n<ol start=\"19\">\n<li>El diagn\u00f3stico y la vigilancia epidemiol\u00f3gica de las plagas y enfermedades, con la finalidad de evaluar su incidencia y prevalencia, como un instrumento \u00fatil para la planificaci\u00f3n de la prevenci\u00f3n, control y erradicaci\u00f3n de las mismas y de la prestaci\u00f3n de servicios sanitarios y fitosanitarios a los productores.<\/li>\n<\/ol>\n<ol start=\"20\">\n<li>La inspecci\u00f3n higi\u00e9nico-sanitaria en el procesamiento de los productos, la inspecci\u00f3n, certificaci\u00f3n, verificaci\u00f3n de los productos de origen animal y vegetal y as\u00ed como de los establecimientos que los elaboran y aseguramiento del cumplimiento de las medidas sanitarias y fitosanitarias.<\/li>\n<\/ol>\n<ol start=\"21\">\n<li>El control cuarentenario de las importaciones, exportaciones y tr\u00e1nsito de vegetales, animales, productos y subproductos de origen vegetal y animal, medios de transporte, equipos o materiales potencialmente portadores de plagas y enfermedades que constituyen un riesgo para el patrimonio agropecuario y evitar su introducci\u00f3n, diseminaci\u00f3n y establecimiento en el pa\u00eds.<\/li>\n<\/ol>\n<ol start=\"22\">\n<li>El control sanitario, fitosanitario y de calidad de las semillas o cualquier otro material de propagaci\u00f3n y su respectiva certificaci\u00f3n, los productos biol\u00f3gicos, biotecnol\u00f3gicos, insumos qu\u00edmicos, farmac\u00e9uticos y alimenticios de uso animal y vegetal.<\/li>\n<\/ol>\n<ol start=\"23\">\n<li>El control y supervisi\u00f3n de equipo para uso y aplicaci\u00f3n de insumos agropecuarios en los vegetales y animales.<\/li>\n<\/ol>\n<ol start=\"24\">\n<li>La prevenci\u00f3n, control y erradicaci\u00f3n de las plagas y enfermedades end\u00e9micas y ex\u00f3ticas de los vegetales y animales bajo la planificaci\u00f3n y coordinaci\u00f3n de programas y campa\u00f1as conjuntas con los productores y otras instituciones.<\/li>\n<\/ol>\n<ol start=\"25\">\n<li>La adopci\u00f3n, normalizaci\u00f3n y aplicaci\u00f3n de las medidas sanitarias, fitosanitarias y de inocuidad de alimentos para el comercio nacional, regional e internacional de vegetales, animales, sus productos, subproductos e insumos agropecuarios.<\/li>\n<\/ol>\n<ol start=\"26\">\n<li>La coordinaci\u00f3n y ejecuci\u00f3n de estudios para establecer y aplicar los procedimientos de diagn\u00f3stico, prevenci\u00f3n, control y vigilancia epidemiol\u00f3gica, cuarentena, control de insumos para uso agropecuario, para el control efectivo de plagas y enfermedades de importancia econ\u00f3mica y cuarentenaria.<\/li>\n<\/ol>\n<ol start=\"27\">\n<li>La planificaci\u00f3n, desarrollo y evaluaci\u00f3n de actividades conjuntas con entidades p\u00fablicas y privadas, nacionales e internacionales, que tengan relaci\u00f3n con la sanidad agropecuaria.<\/li>\n<\/ol>\n<ol start=\"28\">\n<li>La suscripci\u00f3n de acuerdos o convenios con pa\u00edses productores y procesadores de plantas, animales, productos y subproductos destinados al mercado hondure\u00f1o, previo cumplimiento de los requisitos que en materia sanitaria y fitosanitaria establezca el SENASA.<\/li>\n<\/ol>\n<ol start=\"29\">\n<li>La emisi\u00f3n de los Certificados de Importaci\u00f3n y Exportaci\u00f3n autorizados, los que al menos consignen 13 La Gaceta A. Secci\u00f3n A Acuerdos y Leyes REP\u00daBLICA DE HONDURAS &#8211; TEGUCIGALPA, M. D. C., 3 DE SEPTIEMBRE DEL 2020 No. 35,361 el nombre de producto, cantidad, y nombre de pa\u00eds de origen o destino del mismo.<\/li>\n<\/ol>\n<ol start=\"30\">\n<li>La regulaci\u00f3n sanitaria y fitosanitaria de los organismos y productos de la biotecnolog\u00eda por lo que toda persona natural o jur\u00eddica que importe, investigue, exporte, experimente, movilice, libere, multiplique o comercialice organismos vivos gen\u00e9ticamente modificados o sus productos, agentes de control biol\u00f3gicos y otros tipos de organismos para uso agropecuario, producidos dentro o fuera del pa\u00eds deben tener previa aprobaci\u00f3n del SENASA sin perjuicio de otros requisitos sanitarios y fitosanitarios.<\/li>\n<\/ol>\n<ol start=\"31\">\n<li>El SENASA debe llevar el registro de los productores, certificadoras, inspectores, procesadores y comercializadores de productos agropecuarios org\u00e1nicos y sus insumos, asimismo debe vigilar el cumplimiento de los procedimientos establecidos; igualmente emitir\u00e1 los certificados correspondientes y puede acreditar a personas naturales o jur\u00eddicas que cumplan con los requisitos establecidos; y,<\/li>\n<\/ol>\n<ol start=\"32\">\n<li>Otras que determinen los Tratados y Convenios Internacionales, los Reglamentos T\u00e9cnicos Centroamericanos, las Leyes vinculadas a la materia, las que establezcan los Reglamentos y las que surjan como parte de la operatividad del SENASA.<\/li>\n<\/ol>\n<p><strong>&nbsp;<\/strong><\/p>\t\t\t\t\t\t\t\t<\/div>\n\t\t\t\t<\/div>\n\t\t\t\t\t<\/div>\n\t\t<\/div>\n\t\t\t\t\t<\/div>\n\t\t<\/section>\n\t\t\t\t<\/div>\n\t\t","protected":false},"excerpt":{"rendered":"<p>Creaci\u00f3n del SENASA Mediante la Ley Fitosanitaria 157-94 del 04 de Noviembre de 1994&nbsp;en su Art\u00edculo 3 se cre\u00f3 el Servicio Nacional de Sanidad Agropecuaria (SENASA) como una Direcci\u00f3n General, dependiente de la Secretar\u00eda de Estado en los Despachos de Agricultura y Ganader\u00eda (SAG). Para el a\u00f1o 2016 con el objetivo de adecuar una instituci\u00f3n &hellip;<\/p>\n<p class=\"read-more\"> <a class=\"\" href=\"https:\/\/senasa.gob.hn\/web\/que-es-senasa\/\"> <span class=\"screen-reader-text\">\u00bfque es SENASA?<\/span> Leer m\u00e1s &raquo;<\/a><\/p>\n","protected":false},"author":1,"featured_media":0,"parent":0,"menu_order":0,"comment_status":"closed","ping_status":"closed","template":"","meta":{"ub_ctt_via":"","site-sidebar-layout":"no-sidebar","site-content-layout":"page-builder","ast-main-header-display":"","ast-hfb-above-header-display":"","ast-hfb-below-header-display":"","ast-hfb-mobile-header-display":"","site-post-title":"disabled","ast-breadcrumbs-content":"","ast-featured-img":"disabled","footer-sml-layout":"","theme-transparent-header-meta":"","adv-header-id-meta":"","stick-header-meta":"","header-above-stick-meta":"","header-main-stick-meta":"","header-below-stick-meta":"","footnotes":""},"class_list":["post-7493","page","type-page","status-publish","hentry"],"featured_image_src":null,"_links":{"self":[{"href":"https:\/\/senasa.gob.hn\/web\/wp-json\/wp\/v2\/pages\/7493","targetHints":{"allow":["GET"]}}],"collection":[{"href":"https:\/\/senasa.gob.hn\/web\/wp-json\/wp\/v2\/pages"}],"about":[{"href":"https:\/\/senasa.gob.hn\/web\/wp-json\/wp\/v2\/types\/page"}],"author":[{"embeddable":true,"href":"https:\/\/senasa.gob.hn\/web\/wp-json\/wp\/v2\/users\/1"}],"replies":[{"embeddable":true,"href":"https:\/\/senasa.gob.hn\/web\/wp-json\/wp\/v2\/comments?post=7493"}],"version-history":[{"count":5,"href":"https:\/\/senasa.gob.hn\/web\/wp-json\/wp\/v2\/pages\/7493\/revisions"}],"predecessor-version":[{"id":7548,"href":"https:\/\/senasa.gob.hn\/web\/wp-json\/wp\/v2\/pages\/7493\/revisions\/7548"}],"wp:attachment":[{"href":"https:\/\/senasa.gob.hn\/web\/wp-json\/wp\/v2\/media?parent=7493"}],"curies":[{"name":"wp","href":"https:\/\/api.w.org\/{rel}","templated":true}]}}