{"id":7461,"date":"2022-08-24T15:22:58","date_gmt":"2022-08-24T15:22:58","guid":{"rendered":"https:\/\/senasa.gob.hn\/web\/?page_id=7461"},"modified":"2022-08-24T16:30:43","modified_gmt":"2022-08-24T16:30:43","slug":"quienes-somos","status":"publish","type":"page","link":"https:\/\/senasa.gob.hn\/web\/quienes-somos\/","title":{"rendered":"\u00bfQui\u00e9nes somos?"},"content":{"rendered":"\t\t<div data-elementor-type=\"wp-page\" data-elementor-id=\"7461\" class=\"elementor elementor-7461\">\n\t\t\t\t\t\t<section class=\"elementor-section elementor-top-section elementor-element elementor-element-9beb1a8 elementor-section-boxed elementor-section-height-default elementor-section-height-default\" data-id=\"9beb1a8\" data-element_type=\"section\" data-e-type=\"section\">\n\t\t\t\t\t\t<div class=\"elementor-container elementor-column-gap-default\">\n\t\t\t\t\t<div class=\"elementor-column elementor-col-100 elementor-top-column elementor-element elementor-element-41a0b60\" data-id=\"41a0b60\" data-element_type=\"column\" data-e-type=\"column\">\n\t\t\t<div class=\"elementor-widget-wrap elementor-element-populated\">\n\t\t\t\t\t\t<section class=\"elementor-section elementor-inner-section elementor-element elementor-element-c4e1558 elementor-section-boxed elementor-section-height-default elementor-section-height-default\" data-id=\"c4e1558\" data-element_type=\"section\" data-e-type=\"section\">\n\t\t\t\t\t\t<div class=\"elementor-container elementor-column-gap-default\">\n\t\t\t\t\t<div class=\"elementor-column elementor-col-50 elementor-inner-column elementor-element elementor-element-3bd0b17\" data-id=\"3bd0b17\" data-element_type=\"column\" data-e-type=\"column\">\n\t\t\t<div class=\"elementor-widget-wrap elementor-element-populated\">\n\t\t\t\t\t\t<div class=\"elementor-element elementor-element-c7f12df elementor-widget elementor-widget-text-editor\" data-id=\"c7f12df\" data-element_type=\"widget\" data-e-type=\"widget\" data-widget_type=\"text-editor.default\">\n\t\t\t\t<div class=\"elementor-widget-container\">\n\t\t\t\t\t\t\t\t\t<p>Exportadores, importadores, productores, ganaderos, usuarios de nuestros servicios, Organismos Nacionales e Internacionales, es un verdadero agrado poder dirigirme en esta oportunidad en mi condici\u00f3n de Director General del Servicio Nacional de Sanidad e Inocuidad Agroalimentaria (SENASA), dependencia adscrita a la Secretar\u00eda de Agricultura y Ganader\u00eda SAG.<\/p>\n<p>En el marco de la gesti\u00f3n de la Presidenta de la Rep\u00fablica Xiomara Castro y titular de la SAG, Laura Elena Suazo Torres, basada en el respeto y el compromiso pleno de mejorar el accionar institucional, junto al equipo de colaboradores, trabajamos en el fortalecimiento de las capacidades tecnol\u00f3gicas que permitan continuar la simplificaci\u00f3n administrativa, as\u00ed como el trabajo en materia sanitaria, fitosanitaria e inocuidad agroalimentaria.<\/p>\n<p>Como ha sido siempre mi filosof\u00eda de vida, ser fiel a nuestros principios y el de poder servir al sector productivo, privado y sociedad del pa\u00eds, me permito presentar ante ustedes una herramienta \u00fatil y simplificada, me refiero a la <strong>Nueva P\u00e1gina Web del SENASA, <\/strong>a la cual pueden&nbsp;<span style=\"font-size: 16px;\">ingresar a realizar sus tr\u00e1mites y adquirir los requisitos de su inter\u00e9s, desde cualquier dispositivo o computadora de manera online.<\/span><\/p>\n<p>Como SENASA, trabajamos de manera transparente y responsable con el prop\u00f3sito de facilitar los procesos para que la producci\u00f3n y el comercio, alcance un impacto positivo tanto a nivel nacional e internacional que contribuya al aumento del Producto Interno Bruto (PIB) del pa\u00eds a trav\u00e9s de las exportaciones agr\u00edcolas y as\u00ed como contribuci\u00f3n a la seguridad alimentaria.<\/p>\t\t\t\t\t\t\t\t<\/div>\n\t\t\t\t<\/div>\n\t\t\t\t\t<\/div>\n\t\t<\/div>\n\t\t\t\t<div class=\"elementor-column elementor-col-50 elementor-inner-column elementor-element elementor-element-717fab6\" data-id=\"717fab6\" data-element_type=\"column\" data-e-type=\"column\">\n\t\t\t<div class=\"elementor-widget-wrap elementor-element-populated\">\n\t\t\t\t\t\t<div class=\"elementor-element elementor-element-4f473b3 elementor-widget elementor-widget-image\" data-id=\"4f473b3\" data-element_type=\"widget\" data-e-type=\"widget\" data-widget_type=\"image.default\">\n\t\t\t\t<div class=\"elementor-widget-container\">\n\t\t\t\t\t\t\t\t\t\t\t\t\t\t\t<img decoding=\"async\" src=\"https:\/\/senasa.gob.hn\/web\/wp-content\/uploads\/2022\/08\/director-3-600x756.jpg\" title=\"director\" alt=\"director\" loading=\"lazy\" \/>\t\t\t\t\t\t\t\t\t\t\t\t\t\t\t<\/div>\n\t\t\t\t<\/div>\n\t\t\t\t\t<\/div>\n\t\t<\/div>\n\t\t\t\t\t<\/div>\n\t\t<\/section>\n\t\t\t\t\t<\/div>\n\t\t<\/div>\n\t\t\t\t\t<\/div>\n\t\t<\/section>\n\t\t\t\t<\/div>\n\t\t","protected":false},"excerpt":{"rendered":"<p>Exportadores, importadores, productores, ganaderos, usuarios de nuestros servicios, Organismos Nacionales e Internacionales, es un verdadero agrado poder dirigirme en esta oportunidad en mi condici\u00f3n de Director General del Servicio Nacional de Sanidad e Inocuidad Agroalimentaria (SENASA), dependencia adscrita a la Secretar\u00eda de Agricultura y Ganader\u00eda SAG. En el marco de la gesti\u00f3n de la Presidenta &hellip;<\/p>\n<p class=\"read-more\"> <a class=\"\" href=\"https:\/\/senasa.gob.hn\/web\/quienes-somos\/\"> <span class=\"screen-reader-text\">\u00bfQui\u00e9nes somos?<\/span> Leer m\u00e1s &raquo;<\/a><\/p>\n","protected":false},"author":1,"featured_media":0,"parent":0,"menu_order":0,"comment_status":"closed","ping_status":"closed","template":"","meta":{"ub_ctt_via":"","site-sidebar-layout":"no-sidebar","site-content-layout":"page-builder","ast-main-header-display":"","ast-hfb-above-header-display":"","ast-hfb-below-header-display":"","ast-hfb-mobile-header-display":"","site-post-title":"disabled","ast-breadcrumbs-content":"","ast-featured-img":"disabled","footer-sml-layout":"","theme-transparent-header-meta":"","adv-header-id-meta":"","stick-header-meta":"","header-above-stick-meta":"","header-main-stick-meta":"","header-below-stick-meta":"","footnotes":""},"class_list":["post-7461","page","type-page","status-publish","hentry"],"featured_image_src":null,"_links":{"self":[{"href":"https:\/\/senasa.gob.hn\/web\/wp-json\/wp\/v2\/pages\/7461","targetHints":{"allow":["GET"]}}],"collection":[{"href":"https:\/\/senasa.gob.hn\/web\/wp-json\/wp\/v2\/pages"}],"about":[{"href":"https:\/\/senasa.gob.hn\/web\/wp-json\/wp\/v2\/types\/page"}],"author":[{"embeddable":true,"href":"https:\/\/senasa.gob.hn\/web\/wp-json\/wp\/v2\/users\/1"}],"replies":[{"embeddable":true,"href":"https:\/\/senasa.gob.hn\/web\/wp-json\/wp\/v2\/comments?post=7461"}],"version-history":[{"count":5,"href":"https:\/\/senasa.gob.hn\/web\/wp-json\/wp\/v2\/pages\/7461\/revisions"}],"predecessor-version":[{"id":7556,"href":"https:\/\/senasa.gob.hn\/web\/wp-json\/wp\/v2\/pages\/7461\/revisions\/7556"}],"wp:attachment":[{"href":"https:\/\/senasa.gob.hn\/web\/wp-json\/wp\/v2\/media?parent=7461"}],"curies":[{"name":"wp","href":"https:\/\/api.w.org\/{rel}","templated":true}]}}