{"id":7168,"date":"2022-08-04T21:38:36","date_gmt":"2022-08-04T21:38:36","guid":{"rendered":"https:\/\/senasa.gob.hn\/web\/?page_id=7168"},"modified":"2022-08-04T21:41:47","modified_gmt":"2022-08-04T21:41:47","slug":"depto-de-certificacion-de-semilla","status":"publish","type":"page","link":"https:\/\/senasa.gob.hn\/web\/depto-de-certificacion-de-semilla\/","title":{"rendered":"DEPTO. DE CERTIFICACION DE SEMILLA"},"content":{"rendered":"\t\t<div data-elementor-type=\"wp-page\" data-elementor-id=\"7168\" class=\"elementor elementor-7168\">\n\t\t\t\t\t\t<section class=\"elementor-section elementor-top-section elementor-element elementor-element-e72227b elementor-section-boxed elementor-section-height-default elementor-section-height-default\" data-id=\"e72227b\" data-element_type=\"section\" data-e-type=\"section\">\n\t\t\t\t\t\t<div class=\"elementor-container elementor-column-gap-default\">\n\t\t\t\t\t<div class=\"elementor-column elementor-col-100 elementor-top-column elementor-element elementor-element-d81f299\" data-id=\"d81f299\" data-element_type=\"column\" data-e-type=\"column\">\n\t\t\t<div class=\"elementor-widget-wrap elementor-element-populated\">\n\t\t\t\t\t\t<div class=\"elementor-element elementor-element-aacba5b elementor-widget elementor-widget-heading\" data-id=\"aacba5b\" data-element_type=\"widget\" data-e-type=\"widget\" data-widget_type=\"heading.default\">\n\t\t\t\t<div class=\"elementor-widget-container\">\n\t\t\t\t\t<h2 class=\"elementor-heading-title elementor-size-default\">Departamento de Certificaci\u00f3n de Semillas<\/h2>\t\t\t\t<\/div>\n\t\t\t\t<\/div>\n\t\t\t\t\t<\/div>\n\t\t<\/div>\n\t\t\t\t\t<\/div>\n\t\t<\/section>\n\t\t\t\t<section class=\"elementor-section elementor-top-section elementor-element elementor-element-d8a2344 elementor-section-boxed elementor-section-height-default elementor-section-height-default\" data-id=\"d8a2344\" data-element_type=\"section\" data-e-type=\"section\">\n\t\t\t\t\t\t<div class=\"elementor-container elementor-column-gap-default\">\n\t\t\t\t\t<div class=\"elementor-column elementor-col-100 elementor-top-column elementor-element elementor-element-a91115b\" data-id=\"a91115b\" data-element_type=\"column\" data-e-type=\"column\">\n\t\t\t<div class=\"elementor-widget-wrap elementor-element-populated\">\n\t\t\t\t\t\t<div class=\"elementor-element elementor-element-5dc9e03 elementor-widget elementor-widget-text-editor\" data-id=\"5dc9e03\" data-element_type=\"widget\" data-e-type=\"widget\" data-widget_type=\"text-editor.default\">\n\t\t\t\t<div class=\"elementor-widget-container\">\n\t\t\t\t\t\t\t\t\t<p><strong>INTRODUCCION:<\/strong>\u00a0El Departamento de Certificaci\u00f3n de Semillas tiene encomendadas diversas materias que forman en su conjunto un solo cuerpo, regulando en primer lugar, todo lo relacionado con la producci\u00f3n y comercializaci\u00f3n de semillas y\u00a0 la interconexi\u00f3n entre el Registro de Variedades (Registro Nacional de Especies y Cultivares aptos para certificar) y el Registro Nacional de Criaderos, Semilleros y Comerciantes de Semillas, conformando un sistema por el que se reconocen derechos de propiedad y permisos de comercio y se armonizan los derechos de los productores, los agricultores y los consumidores.<\/p><p>En relaci\u00f3n con la producci\u00f3n y comercializaci\u00f3n de semillas y plantas de vivero, se establecen requisitos para la producci\u00f3n y comercializaci\u00f3n, teniendo en cuenta la existencia de un mercado \u00fanico que tiene como objetivo fomentar la calidad de las semillas y plantas de vivero que se utilizan en la agricultura, esta regulaci\u00f3n se establece de forma armonizada con la Uni\u00f3n Aduanera Centroamericana.<\/p><p>El Registro de Variedades, trata de fomentar y poner a disposici\u00f3n de los agricultores, semillas y plantas de vivero de variedades cada vez m\u00e1s productivas y mejor adaptadas a las distintas condiciones que hay en el pa\u00eds relacionadas con el clima y suelo, lo que se consigue previa realizaci\u00f3n de un conjunto de trabajos y estudios de caracterizaci\u00f3n, producci\u00f3n, resistencia a enfermedades y calidad del producto final, concluyendo el proceso en la inscripci\u00f3n de las variedades, en el Registro respectivo.<\/p><p>Del mismo modo, se regula el cultivo de variedades modificadas gen\u00e9ticamente bajo la premisa de que estos no tienen por qu\u00e9 ser menos seguros que las variedades obtenidas mediante m\u00e9todos gen\u00e9ticos tradicionales. Pero, al igual que en el caso de estos productos, su autorizaci\u00f3n y utilizaci\u00f3n ha de ser sometida a los principios de prevenci\u00f3n y cautela para evaluar los potenciales efectos sobre la salud humana y el medio ambiente que pudieran derivarse del uso de las variedades que contienen modificaciones gen\u00e9ticas.<\/p><p>Con el fin de efectuar un seguimiento continuado de los efectos ligados a la introducci\u00f3n de variedades comerciales transg\u00e9nicas y del cumplimiento de procedimientos, se crea el Reglamento de Bioseguridad con \u00e9nfasis en plantas transg\u00e9nicas, seg\u00fan acuerdo No.1570-98 en el mes de noviembre de 1998, en el mismo, se crea el Comit\u00e9 Nacional de Biotecnolog\u00eda y Bioseguridad, quien act\u00faa como un \u00f3rgano de estudio, evaluaci\u00f3n, intercambio de informaci\u00f3n, propuesta y sobre todo, asesoramiento al Servicio Nacional de Sanidad Agropecuaria en el ejercicio de sus competencias.<\/p><p>La Ley para protecci\u00f3n del derecho de los obtentores (Ley para la Protecci\u00f3n de Obtenciones Vegetales), se espera que entre en vigencia a partir de junio del 2008 (tomando como base el Convenio de UPOV-91) y busca tener un impacto positivo en la econom\u00eda nacional en general y en el sector agr\u00edcola en particular, que se concreta, en primer lugar, con la concesi\u00f3n del t\u00edtulo de obtenci\u00f3n vegetal sobre las variedades vegetales y en segundo lugar supone un estimulo a la investigaci\u00f3n y finalmente el acceso de los agricultores a nuevas variedades cada m\u00e1s productivas.<\/p>\t\t\t\t\t\t\t\t<\/div>\n\t\t\t\t<\/div>\n\t\t\t\t\t<\/div>\n\t\t<\/div>\n\t\t\t\t\t<\/div>\n\t\t<\/section>\n\t\t\t\t<section class=\"elementor-section elementor-top-section elementor-element elementor-element-eeac106 elementor-section-boxed elementor-section-height-default elementor-section-height-default\" data-id=\"eeac106\" data-element_type=\"section\" data-e-type=\"section\">\n\t\t\t\t\t\t<div class=\"elementor-container elementor-column-gap-default\">\n\t\t\t\t\t<div class=\"elementor-column elementor-col-100 elementor-top-column elementor-element elementor-element-3243f30\" data-id=\"3243f30\" data-element_type=\"column\" data-e-type=\"column\">\n\t\t\t<div class=\"elementor-widget-wrap elementor-element-populated\">\n\t\t\t\t\t\t<div class=\"elementor-element elementor-element-bb299ef elementor-widget elementor-widget-heading\" data-id=\"bb299ef\" data-element_type=\"widget\" data-e-type=\"widget\" data-widget_type=\"heading.default\">\n\t\t\t\t<div class=\"elementor-widget-container\">\n\t\t\t\t\t<h2 class=\"elementor-heading-title elementor-size-default\">OBJETIVOS\n<\/h2>\t\t\t\t<\/div>\n\t\t\t\t<\/div>\n\t\t\t\t\t<\/div>\n\t\t<\/div>\n\t\t\t\t\t<\/div>\n\t\t<\/section>\n\t\t\t\t<section class=\"elementor-section elementor-top-section elementor-element elementor-element-2215f9e elementor-section-boxed elementor-section-height-default elementor-section-height-default\" data-id=\"2215f9e\" data-element_type=\"section\" data-e-type=\"section\">\n\t\t\t\t\t\t<div class=\"elementor-container elementor-column-gap-default\">\n\t\t\t\t\t<div class=\"elementor-column elementor-col-100 elementor-top-column elementor-element elementor-element-6144cdf\" data-id=\"6144cdf\" data-element_type=\"column\" data-e-type=\"column\">\n\t\t\t<div class=\"elementor-widget-wrap elementor-element-populated\">\n\t\t\t\t\t\t<div class=\"elementor-element elementor-element-391a42e elementor-widget elementor-widget-text-editor\" data-id=\"391a42e\" data-element_type=\"widget\" data-e-type=\"widget\" data-widget_type=\"text-editor.default\">\n\t\t\t\t<div class=\"elementor-widget-container\">\n\t\t\t\t\t\t\t\t\t<p>El Departamento de Certificaci\u00f3n de Semillas tiene como objetivos principales los siguientes puntos:<\/p><ul><li>1.1.\u00a0\u00a0 Garantizar la identidad y calidad de la producci\u00f3n y el uso de semillas, contribuyendo al desarrollo agr\u00edcola nacional.<\/li><li>1.2.\u00a0\u00a0 Facilitar el proceso de obtenci\u00f3n y uso de nuevos materiales filogen\u00e9ticos nacionales u originados en el extranjero.<\/li><li>1.3.\u00a0\u00a0 Fiscalizar la producci\u00f3n y comercializaci\u00f3n nacional de semillas, velando por el cumplimiento de las normas establecidas en la Ley Fitozoosanitaria, Ley de Semillas y su Reglamentaci\u00f3n.<\/li><li>1.4.\u00a0\u00a0 Proponer el dictado de normas sobre producci\u00f3n, certificaci\u00f3n, comercializaci\u00f3n, exportaci\u00f3n e importaci\u00f3n de semillas, la regulaci\u00f3n de organismos gen\u00e9ticamente modificados as\u00ed como la protecci\u00f3n de las creaciones o descubrimientos filogen\u00e9ticos.<\/li><\/ul><h2>\u00a0FUNCIONES B\u00c1SICAS:<\/h2><ol><li>Proponer los criterios de interpretaci\u00f3n del Decreto (1046) Ley de Semillas y su Reglamentaci\u00f3n.<\/li><li>Efectuar la\u00a0 Certificaci\u00f3n de Semillas en el pa\u00eds.<\/li><li>Efectuar los controles de calidad que se establecen.<\/li><li>Proponer las normas m\u00ednimas de calidad a las que deber\u00e1 ajustarse la semilla certificada.<\/li><li>Fiscalizar la comercializaci\u00f3n de semilla en el pa\u00eds.<\/li><li>Regular la\u00a0 importaci\u00f3n y exportaci\u00f3n de semillas.<\/li><li>Llevar registros de producci\u00f3n y procesamiento de semillas y materiales vegetativos certificados.<\/li><li>Examinar\u00a0 antecedentes, sobre presuntas infracciones\u00a0 a la Ley de Semillas y su reglamentaci\u00f3n, proponer y aplicar las sanciones que corresponden.<\/li><li>Mantener un Laboratorio Central de an\u00e1lisis y Certificaci\u00f3n de Semillas.<\/li><li>Ejercer el control de calidad en todas las etapas de la\u00a0 semilla producida\u00a0 y fiscalizar el comercio de la semilla ofrecida en venta.<\/li><\/ol><h2>ACTIVIDADES DEL DEPARTAMENTO DE CERTIFICACI\u00d3N DE SEMILLAS<\/h2><ul><li><h2>Supervisiones de campo:<\/h2><ul><li>Certificaci\u00f3n de Semillas:<ul><li>Arroz<\/li><li>Frijol<\/li><li>Sorgo<\/li><li>Ma\u00edz<\/li><li>Papa<\/li><li>Palma Aceitera<\/li><li>Hortalizas<\/li><\/ul><\/li><\/ul><\/li><li><h2>Inspecciones y evaluaciones de lotes de producci\u00f3n en los siguientes aspectos:<\/h2><ul><li>Labores de cultivo desde la preparaci\u00f3n del terreno, el aislamiento, per\u00edodo de descanso, la siembra, control de\u00a0malezas, plagas y enfermedades.<\/li><li>Evaluaci\u00f3n de la pureza varietal y sanidad del cultivo hasta la cosecha.<\/li><\/ul><\/li><li><h2>Inspecciones de Industria<\/h2><\/li><\/ul><p>Se realiza a partir de\u00a0\u00a0la recepci\u00f3n de la semilla para verificar el proceso de selecci\u00f3n de mazorca\u00a0\u00a0secado\u00a0desgrane\u00a0\u00a0clasificaci\u00f3n, tratamiento, empaque y etiquetado de la semilla.<\/p><p>As\u00ed mismo se verifica la calidad de la semilla a trav\u00e9s de toma de muestras de los lotes para su remisi\u00f3n y an\u00e1lisis en el Laboratorio.<\/p><ul><li><h2>Control de calidad en Laboratorio<\/h2><\/li><\/ul><table width=\"644\"><tbody><tr><td width=\"139\"><strong>Ciudad<\/strong><\/td><td width=\"293\"><strong>Tegucigalpa<\/strong><\/td><td width=\"211\"><strong>San Pedro Sula<\/strong><\/td><\/tr><tr><td width=\"139\">Direcci\u00f3n<\/td><td width=\"293\">Col. Loma linda Norte, contiguo a edificio de SENASA<\/td><td width=\"211\">Contiguo al Molinero Sula en Edificio de SAG-SENASA<\/td><\/tr><tr><td width=\"139\">Tel\u00e9fono<\/td><td width=\"293\">(+504)2239-7270, 2235-8424, 2235-8425, Fax: 2231-0786<\/td><td width=\"211\">FAX: (+504)2556-6635<\/td><\/tr><tr><td width=\"139\">Correo Electr\u00f3nico<\/td><td width=\"293\"><span id=\"cloake242721b6dd73ad937d380f2a2dd881a\"><a href=\"mailto:calmendarez@senasa-sag.gob.hn\">calmendarez@senasa-sag.gob.hn<\/a><\/span><\/td><td width=\"211\"><span id=\"cloakdf8793131fe3f9abd0b9fa93046ad0ce\"><a href=\"mailto:dorapi7@yahoo.com\">dorapi7@yahoo.com<\/a><\/span><\/td><\/tr><tr><td width=\"139\">Contacto<\/td><td width=\"293\">Ing.Mario Rodr\u00edguez (Jefatura)<\/td><td width=\"211\">Ing. Dora Pineda (Jefatura)<\/td><\/tr><\/tbody><\/table><p>\u00a0<\/p><p><strong>\u00a0Precios por Servicios que ofrece el Laboratorio de Certificaci\u00f3n de Semillas:<\/strong><\/p><table><tbody><tr><td width=\"39\"><em><strong>No.<\/strong><\/em><\/td><td width=\"307\"><em><strong>Tipo<\/strong><\/em><\/td><td width=\"175\"><em><strong>Costo en Lempiras<\/strong><\/em><\/td><\/tr><tr><td width=\"39\"><em>1<\/em><\/td><td width=\"307\"><em>Humedad Directa<\/em><\/td><td width=\"175\"><em>25.00<\/em><\/td><\/tr><tr><td width=\"39\"><em>2<\/em><\/td><td width=\"307\"><em>Pureza F\u00edsica<\/em><\/td><td width=\"175\"><em>20.00<\/em><\/td><\/tr><tr><td width=\"39\"><em>3<\/em><\/td><td width=\"307\"><em>Germinaci\u00f3n Semilla Importada<\/em><\/td><td width=\"175\"><em>40.00<\/em><\/td><\/tr><tr><td width=\"39\"><em>4<\/em><\/td><td width=\"307\"><em>Germinaci\u00f3n Semilla Nacional<\/em><\/td><td width=\"175\"><em>20.00<\/em><\/td><\/tr><tr><td width=\"39\"><em>5<\/em><\/td><td width=\"307\"><em>Da\u00f1os por hongos visibles<\/em><\/td><td width=\"175\"><em>5.00<\/em><\/td><\/tr><tr><td width=\"39\"><em>6<\/em><\/td><td width=\"307\"><em>Da\u00f1o por insecto visible<\/em><\/td><td width=\"175\"><em>5.00<\/em><\/td><\/tr><tr><td width=\"39\"><em>7<\/em><\/td><td width=\"307\"><em>Da\u00f1o mec\u00e1nico visible<\/em><\/td><td width=\"175\"><em>5.00<\/em><\/td><\/tr><tr><td width=\"39\"><em>8<\/em><\/td><td width=\"307\"><em>Da\u00f1o mec\u00e1nico no visible<\/em><\/td><td width=\"175\"><em>10.00<\/em><\/td><\/tr><tr><td width=\"39\"><em>9<\/em><\/td><td width=\"307\"><em>Semilla manchada<\/em><\/td><td width=\"175\"><em>5.00<\/em><\/td><\/tr><tr><td width=\"39\"><em>10<\/em><\/td><td width=\"307\"><em>Peso hectol\u00edtrico<\/em><\/td><td width=\"175\"><em>5.00<\/em><\/td><\/tr><tr><td width=\"39\"><em>11<\/em><\/td><td width=\"307\"><em>Determinaci\u00f3n de peso<\/em><\/td><td width=\"175\"><em>10.00<\/em><\/td><\/tr><tr><td width=\"39\"><em>12<\/em><\/td><td width=\"307\"><em>No. Semillas por gramo<\/em><\/td><td width=\"175\"><em>5.00<\/em><\/td><\/tr><tr><td width=\"39\"><em>13<\/em><\/td><td width=\"307\"><em>Maleza nocivas<\/em><\/td><td width=\"175\"><em>10.00<\/em><\/td><\/tr><tr><td width=\"39\"><em>14<\/em><\/td><td width=\"307\"><em>Rompimiento de latencia<\/em><\/td><td width=\"175\"><em>40.00<\/em><\/td><\/tr><tr><td width=\"39\"><em>15<\/em><\/td><td width=\"307\"><em>Prueba de vigor<\/em><\/td><td width=\"175\"><em>40.00<\/em><\/td><\/tr><tr><td width=\"39\"><em>16<\/em><\/td><td width=\"307\"><em>Viabilidad de Semillas<\/em><\/td><td width=\"175\"><em>50.00<\/em><\/td><\/tr><tr><td width=\"39\"><em>17<\/em><\/td><td width=\"307\"><em>Calidad Molinera<\/em><\/td><td width=\"175\"><em>25.00<\/em><\/td><\/tr><\/tbody><\/table><p>El an\u00e1lisis se realiza\u00a0de acuerdo a las normas internacionales de calidad de semillas (ISTA)<\/p><ul><li><h2>Fiscalizaci\u00f3n<\/h2><\/li><li>Bodegas de almacenamiento y Casas Agropecuaria<br \/><table><tbody><tr><td>1-<\/td><td>Certificado de registro del establecimiento<\/td><\/tr><tr><td>2-<\/td><td>Toma de muestras y evaluaci\u00f3n de Calidad de semillas<\/td><\/tr><tr><td>3-<\/td><td>Vigencia del an\u00e1lisis de calidad para su comercializaci\u00f3n<\/td><\/tr><\/tbody><\/table><\/li><\/ul>\t\t\t\t\t\t\t\t<\/div>\n\t\t\t\t<\/div>\n\t\t\t\t\t<\/div>\n\t\t<\/div>\n\t\t\t\t\t<\/div>\n\t\t<\/section>\n\t\t\t\t<\/div>\n\t\t","protected":false},"excerpt":{"rendered":"<p>Departamento de Certificaci\u00f3n de Semillas INTRODUCCION:\u00a0El Departamento de Certificaci\u00f3n de Semillas tiene encomendadas diversas materias que forman en su conjunto un solo cuerpo, regulando en primer lugar, todo lo relacionado con la producci\u00f3n y comercializaci\u00f3n de semillas y\u00a0 la interconexi\u00f3n entre el Registro de Variedades (Registro Nacional de Especies y Cultivares aptos para certificar) y &hellip;<\/p>\n<p class=\"read-more\"> <a class=\"\" href=\"https:\/\/senasa.gob.hn\/web\/depto-de-certificacion-de-semilla\/\"> <span class=\"screen-reader-text\">DEPTO. DE CERTIFICACION DE SEMILLA<\/span> Leer m\u00e1s &raquo;<\/a><\/p>\n","protected":false},"author":1,"featured_media":0,"parent":0,"menu_order":0,"comment_status":"closed","ping_status":"closed","template":"","meta":{"ub_ctt_via":"","site-sidebar-layout":"no-sidebar","site-content-layout":"page-builder","ast-main-header-display":"","ast-hfb-above-header-display":"","ast-hfb-below-header-display":"","ast-hfb-mobile-header-display":"","site-post-title":"disabled","ast-breadcrumbs-content":"","ast-featured-img":"disabled","footer-sml-layout":"","theme-transparent-header-meta":"","adv-header-id-meta":"","stick-header-meta":"","header-above-stick-meta":"","header-main-stick-meta":"","header-below-stick-meta":"","footnotes":""},"class_list":["post-7168","page","type-page","status-publish","hentry"],"featured_image_src":null,"_links":{"self":[{"href":"https:\/\/senasa.gob.hn\/web\/wp-json\/wp\/v2\/pages\/7168","targetHints":{"allow":["GET"]}}],"collection":[{"href":"https:\/\/senasa.gob.hn\/web\/wp-json\/wp\/v2\/pages"}],"about":[{"href":"https:\/\/senasa.gob.hn\/web\/wp-json\/wp\/v2\/types\/page"}],"author":[{"embeddable":true,"href":"https:\/\/senasa.gob.hn\/web\/wp-json\/wp\/v2\/users\/1"}],"replies":[{"embeddable":true,"href":"https:\/\/senasa.gob.hn\/web\/wp-json\/wp\/v2\/comments?post=7168"}],"version-history":[{"count":4,"href":"https:\/\/senasa.gob.hn\/web\/wp-json\/wp\/v2\/pages\/7168\/revisions"}],"predecessor-version":[{"id":7172,"href":"https:\/\/senasa.gob.hn\/web\/wp-json\/wp\/v2\/pages\/7168\/revisions\/7172"}],"wp:attachment":[{"href":"https:\/\/senasa.gob.hn\/web\/wp-json\/wp\/v2\/media?parent=7168"}],"curies":[{"name":"wp","href":"https:\/\/api.w.org\/{rel}","templated":true}]}}