{"id":6195,"date":"2022-03-04T21:09:30","date_gmt":"2022-03-04T21:09:30","guid":{"rendered":"https:\/\/senasa.gob.hn\/web\/?page_id=6195"},"modified":"2022-03-04T21:50:56","modified_gmt":"2022-03-04T21:50:56","slug":"productos-utilizados-en-alimentacion-animal","status":"publish","type":"page","link":"https:\/\/senasa.gob.hn\/web\/productos-utilizados-en-alimentacion-animal\/","title":{"rendered":"PRODUCTOS UTILIZADOS EN ALIMENTACION ANIMAL"},"content":{"rendered":"\t\t<div data-elementor-type=\"wp-page\" data-elementor-id=\"6195\" class=\"elementor elementor-6195\">\n\t\t\t\t\t\t<section class=\"elementor-section elementor-top-section elementor-element elementor-element-b2c76a2 elementor-section-boxed elementor-section-height-default elementor-section-height-default\" data-id=\"b2c76a2\" data-element_type=\"section\" data-e-type=\"section\">\n\t\t\t\t\t\t<div class=\"elementor-container elementor-column-gap-default\">\n\t\t\t\t\t<div class=\"elementor-column elementor-col-100 elementor-top-column elementor-element elementor-element-27cb5a3\" data-id=\"27cb5a3\" data-element_type=\"column\" data-e-type=\"column\">\n\t\t\t<div class=\"elementor-widget-wrap elementor-element-populated\">\n\t\t\t\t\t\t<div class=\"elementor-element elementor-element-38ebbb5 elementor-widget elementor-widget-text-editor\" data-id=\"38ebbb5\" data-element_type=\"widget\" data-e-type=\"widget\" data-widget_type=\"text-editor.default\">\n\t\t\t\t<div class=\"elementor-widget-container\">\n\t\t\t\t\t\t\t\t\t<p><strong><u>PRODUCTOS UTILIZADOS EN ALIMENTACION ANIMAL <\/u><\/strong><\/p><p>Es el \u00e1rea del Departamento responsable del registro sanitario y control de:<\/p><ul><li>Productos utilizados en alimentaci\u00f3n animal<\/li><li>Los establecimientos que elaboran, comercializan, re empacan o almacenan productos utilizados en alimentaci\u00f3n animal.<\/li><\/ul><p>Disposiciones para el registro sanitario y control de acuerdo a lo establecido en:<\/p><ul><li>El Reglamento T\u00e9cnico Centroamericano RTCA 65.05.52:11<\/li><li>Reglamento para el control de productos veterinarios (Acuerdo Ejecutivo 08-96)<\/li><\/ul><p>Servicios:<\/p><ul><li>Registro y Renovaci\u00f3n de registro sanitario para productos utilizados en alimentaci\u00f3n animal.<\/li><li>Registro y Renovaci\u00f3n de registro sanitario de Los establecimientos que elaboran, comercializan, re empacan o almacenan productos utilizados en alimentaci\u00f3n animal<\/li><li>Modificaciones a los registros<\/li><li>Cancelaciones de Registro Sanitario<\/li><li>Reposici\u00f3n de Certificado<\/li><li>Emisi\u00f3n de Certificados de Libre venta y origen<\/li><li>Emisi\u00f3n de constancias<\/li><\/ul><p>Solicitud de servicios y requisitos:<\/p><p><a href=\"https:\/\/ger.senasa.gob.hn\/servicios\/salud-animal\">https:\/\/ger.senasa.gob.hn\/servicios\/salud-animal<\/a><\/p>\t\t\t\t\t\t\t\t<\/div>\n\t\t\t\t<\/div>\n\t\t\t\t<div class=\"elementor-element elementor-element-2b4ff54 elementor-align-center elementor-widget elementor-widget-button\" data-id=\"2b4ff54\" data-element_type=\"widget\" data-e-type=\"widget\" data-widget_type=\"button.default\">\n\t\t\t\t<div class=\"elementor-widget-container\">\n\t\t\t\t\t\t\t\t\t<div class=\"elementor-button-wrapper\">\n\t\t\t\t\t<a class=\"elementor-button elementor-button-link elementor-size-sm\" href=\"https:\/\/ger.senasa.gob.hn\/\">\n\t\t\t\t\t\t<span class=\"elementor-button-content-wrapper\">\n\t\t\t\t\t\t\t\t\t<span class=\"elementor-button-text\">Requisito GER<\/span>\n\t\t\t\t\t<\/span>\n\t\t\t\t\t<\/a>\n\t\t\t\t<\/div>\n\t\t\t\t\t\t\t\t<\/div>\n\t\t\t\t<\/div>\n\t\t\t\t\t<\/div>\n\t\t<\/div>\n\t\t\t\t\t<\/div>\n\t\t<\/section>\n\t\t\t\t<\/div>\n\t\t","protected":false},"excerpt":{"rendered":"<p>PRODUCTOS UTILIZADOS EN ALIMENTACION ANIMAL Es el \u00e1rea del Departamento responsable del registro sanitario y control de: Productos utilizados en alimentaci\u00f3n animal Los establecimientos que elaboran, comercializan, re empacan o almacenan productos utilizados en alimentaci\u00f3n animal. Disposiciones para el registro sanitario y control de acuerdo a lo establecido en: El Reglamento T\u00e9cnico Centroamericano RTCA 65.05.52:11 &hellip;<\/p>\n<p class=\"read-more\"> <a class=\"\" href=\"https:\/\/senasa.gob.hn\/web\/productos-utilizados-en-alimentacion-animal\/\"> <span class=\"screen-reader-text\">PRODUCTOS UTILIZADOS EN ALIMENTACION ANIMAL<\/span> Leer m\u00e1s &raquo;<\/a><\/p>\n","protected":false},"author":1,"featured_media":0,"parent":0,"menu_order":0,"comment_status":"closed","ping_status":"closed","template":"","meta":{"ub_ctt_via":"","site-sidebar-layout":"no-sidebar","site-content-layout":"page-builder","ast-main-header-display":"","ast-hfb-above-header-display":"","ast-hfb-below-header-display":"","ast-hfb-mobile-header-display":"","site-post-title":"disabled","ast-breadcrumbs-content":"","ast-featured-img":"disabled","footer-sml-layout":"","theme-transparent-header-meta":"","adv-header-id-meta":"","stick-header-meta":"","header-above-stick-meta":"","header-main-stick-meta":"","header-below-stick-meta":"","footnotes":""},"class_list":["post-6195","page","type-page","status-publish","hentry"],"featured_image_src":null,"_links":{"self":[{"href":"https:\/\/senasa.gob.hn\/web\/wp-json\/wp\/v2\/pages\/6195","targetHints":{"allow":["GET"]}}],"collection":[{"href":"https:\/\/senasa.gob.hn\/web\/wp-json\/wp\/v2\/pages"}],"about":[{"href":"https:\/\/senasa.gob.hn\/web\/wp-json\/wp\/v2\/types\/page"}],"author":[{"embeddable":true,"href":"https:\/\/senasa.gob.hn\/web\/wp-json\/wp\/v2\/users\/1"}],"replies":[{"embeddable":true,"href":"https:\/\/senasa.gob.hn\/web\/wp-json\/wp\/v2\/comments?post=6195"}],"version-history":[{"count":5,"href":"https:\/\/senasa.gob.hn\/web\/wp-json\/wp\/v2\/pages\/6195\/revisions"}],"predecessor-version":[{"id":6223,"href":"https:\/\/senasa.gob.hn\/web\/wp-json\/wp\/v2\/pages\/6195\/revisions\/6223"}],"wp:attachment":[{"href":"https:\/\/senasa.gob.hn\/web\/wp-json\/wp\/v2\/media?parent=6195"}],"curies":[{"name":"wp","href":"https:\/\/api.w.org\/{rel}","templated":true}]}}