{"id":5947,"date":"2022-02-24T14:23:27","date_gmt":"2022-02-24T14:23:27","guid":{"rendered":"https:\/\/senasa.gob.hn\/web\/?page_id=5947"},"modified":"2022-02-24T15:04:20","modified_gmt":"2022-02-24T15:04:20","slug":"reglamentos-salud-animal","status":"publish","type":"page","link":"https:\/\/senasa.gob.hn\/web\/reglamentos-salud-animal\/","title":{"rendered":"reglamentos Salud Animal"},"content":{"rendered":"\t\t<div data-elementor-type=\"wp-page\" data-elementor-id=\"5947\" class=\"elementor elementor-5947\">\n\t\t\t\t\t\t<section class=\"elementor-section elementor-top-section elementor-element elementor-element-768fc2a elementor-section-boxed elementor-section-height-default elementor-section-height-default\" data-id=\"768fc2a\" data-element_type=\"section\" data-e-type=\"section\">\n\t\t\t\t\t\t<div class=\"elementor-container elementor-column-gap-default\">\n\t\t\t\t\t<div class=\"elementor-column elementor-col-100 elementor-top-column elementor-element elementor-element-743e7cf\" data-id=\"743e7cf\" data-element_type=\"column\" data-e-type=\"column\">\n\t\t\t<div class=\"elementor-widget-wrap elementor-element-populated\">\n\t\t\t\t\t\t<div class=\"elementor-element elementor-element-27242a4 elementor-widget elementor-widget-heading\" data-id=\"27242a4\" data-element_type=\"widget\" data-e-type=\"widget\" data-widget_type=\"heading.default\">\n\t\t\t\t<div class=\"elementor-widget-container\">\n\t\t\t\t\t<h2 class=\"elementor-heading-title elementor-size-default\">Salud Animal<\/h2>\t\t\t\t<\/div>\n\t\t\t\t<\/div>\n\t\t\t\t\t<\/div>\n\t\t<\/div>\n\t\t\t\t\t<\/div>\n\t\t<\/section>\n\t\t\t\t<section class=\"elementor-section elementor-top-section elementor-element elementor-element-e846f37 elementor-section-boxed elementor-section-height-default elementor-section-height-default\" data-id=\"e846f37\" data-element_type=\"section\" data-e-type=\"section\">\n\t\t\t\t\t\t<div class=\"elementor-container elementor-column-gap-default\">\n\t\t\t\t\t<div class=\"elementor-column elementor-col-100 elementor-top-column elementor-element elementor-element-f03dd47\" data-id=\"f03dd47\" data-element_type=\"column\" data-e-type=\"column\">\n\t\t\t<div class=\"elementor-widget-wrap elementor-element-populated\">\n\t\t\t\t\t\t<div class=\"elementor-element elementor-element-8161151 elementor-icon-list--layout-traditional elementor-list-item-link-full_width elementor-widget elementor-widget-icon-list\" data-id=\"8161151\" data-element_type=\"widget\" data-e-type=\"widget\" data-widget_type=\"icon-list.default\">\n\t\t\t\t<div class=\"elementor-widget-container\">\n\t\t\t\t\t\t\t<ul class=\"elementor-icon-list-items\">\n\t\t\t\t\t\t\t<li class=\"elementor-icon-list-item\">\n\t\t\t\t\t\t\t\t\t\t\t<a href=\"https:\/\/senasa.gob.hn\/web\/wp-content\/uploads\/2022\/02\/Acuerdo-No.-936-13-Acuerdo-966-03-Reglamento-de-procedimiento-para-la-aplicacion-de-la-convencion-del-comercio-internacional-de-especies-amenazadas-de-flora-y-fauna..pdf\">\n\n\t\t\t\t\t\t\t\t\t\t\t\t<span class=\"elementor-icon-list-icon\">\n\t\t\t\t\t\t\t<i aria-hidden=\"true\" class=\"fas fa-check\"><\/i>\t\t\t\t\t\t<\/span>\n\t\t\t\t\t\t\t\t\t\t<span class=\"elementor-icon-list-text\">Acuerdo-No.-936-13 Acuerdo 966-03 Reglamento de procedimiento para la aplicaci\u00f3n de la convenci\u00f3n del comercio internacional de especies amenazadas de flora y fauna.<\/span>\n\t\t\t\t\t\t\t\t\t\t\t<\/a>\n\t\t\t\t\t\t\t\t\t<\/li>\n\t\t\t\t\t\t\t\t<li class=\"elementor-icon-list-item\">\n\t\t\t\t\t\t\t\t\t\t\t<a href=\"https:\/\/senasa.gob.hn\/web\/wp-content\/uploads\/2022\/02\/ACUERDO-C.D.-SENASA-004-201807022018104028-1.pdf\">\n\n\t\t\t\t\t\t\t\t\t\t\t\t<span class=\"elementor-icon-list-icon\">\n\t\t\t\t\t\t\t<i aria-hidden=\"true\" class=\"fas fa-check\"><\/i>\t\t\t\t\t\t<\/span>\n\t\t\t\t\t\t\t\t\t\t<span class=\"elementor-icon-list-text\">ACUERDO-C.D.-SENASA-004-201807022018104028 <\/span>\n\t\t\t\t\t\t\t\t\t\t\t<\/a>\n\t\t\t\t\t\t\t\t\t<\/li>\n\t\t\t\t\t\t\t\t<li class=\"elementor-icon-list-item\">\n\t\t\t\t\t\t\t\t\t\t\t<a href=\"https:\/\/senasa.gob.hn\/web\/wp-content\/uploads\/2022\/02\/ACUERDO-C.D.-SENASA-003-201807022018103800.pdf\">\n\n\t\t\t\t\t\t\t\t\t\t\t\t<span class=\"elementor-icon-list-icon\">\n\t\t\t\t\t\t\t<i aria-hidden=\"true\" class=\"fas fa-check\"><\/i>\t\t\t\t\t\t<\/span>\n\t\t\t\t\t\t\t\t\t\t<span class=\"elementor-icon-list-text\">ACUERDO-C.D.-SENASA-003-201807022018103800<\/span>\n\t\t\t\t\t\t\t\t\t\t\t<\/a>\n\t\t\t\t\t\t\t\t\t<\/li>\n\t\t\t\t\t\t\t\t<li class=\"elementor-icon-list-item\">\n\t\t\t\t\t\t\t\t\t\t\t<a href=\"https:\/\/senasa.gob.hn\/web\/wp-content\/uploads\/2022\/02\/Acuerdo-N\u00b0-1735-97-Reglamento-de-Control-Erradicacion-de-la-Brucelosis-y-Tuberculossis.pdf\">\n\n\t\t\t\t\t\t\t\t\t\t\t\t<span class=\"elementor-icon-list-icon\">\n\t\t\t\t\t\t\t<i aria-hidden=\"true\" class=\"fas fa-check\"><\/i>\t\t\t\t\t\t<\/span>\n\t\t\t\t\t\t\t\t\t\t<span class=\"elementor-icon-list-text\">Acuerdo N\u00b0 1735-97 Reglamento de Control Erradicaci\u00f3n de la Brucelosis y Tuberculossis<\/span>\n\t\t\t\t\t\t\t\t\t\t\t<\/a>\n\t\t\t\t\t\t\t\t\t<\/li>\n\t\t\t\t\t\t\t\t<li class=\"elementor-icon-list-item\">\n\t\t\t\t\t\t\t\t\t\t\t<a href=\"https:\/\/senasa.gob.hn\/web\/wp-content\/uploads\/2022\/02\/Acuerdo-N\u00b0-1418-00-Reglamento-de-Salud-Pesquera-y-Acuicola.pdf\">\n\n\t\t\t\t\t\t\t\t\t\t\t\t<span class=\"elementor-icon-list-icon\">\n\t\t\t\t\t\t\t<i aria-hidden=\"true\" class=\"fas fa-check\"><\/i>\t\t\t\t\t\t<\/span>\n\t\t\t\t\t\t\t\t\t\t<span class=\"elementor-icon-list-text\">Elemento de listaAcuerdo N\u00b0 1418-00 Reglamento de Salud Pesquera y Acuicola<\/span>\n\t\t\t\t\t\t\t\t\t\t\t<\/a>\n\t\t\t\t\t\t\t\t\t<\/li>\n\t\t\t\t\t\t\t\t<li class=\"elementor-icon-list-item\">\n\t\t\t\t\t\t\t\t\t\t\t<a href=\"https:\/\/senasa.gob.hn\/web\/wp-content\/uploads\/2022\/02\/Acuerdo-N\u00b0-167-17-Registro-Renovacion-de-los-laboratorios-de-Nauplios-larvas-post-larvas-alevines-camaron.pdf\">\n\n\t\t\t\t\t\t\t\t\t\t\t\t<span class=\"elementor-icon-list-icon\">\n\t\t\t\t\t\t\t<i aria-hidden=\"true\" class=\"fas fa-check\"><\/i>\t\t\t\t\t\t<\/span>\n\t\t\t\t\t\t\t\t\t\t<span class=\"elementor-icon-list-text\">Acuerdo N\u00b0 167-17 Registro, Renovacion de los laboratorios de Nauplios, larvas, post larvas, alevines, camaron<\/span>\n\t\t\t\t\t\t\t\t\t\t\t<\/a>\n\t\t\t\t\t\t\t\t\t<\/li>\n\t\t\t\t\t\t\t\t<li class=\"elementor-icon-list-item\">\n\t\t\t\t\t\t\t\t\t\t\t<a href=\"https:\/\/senasa.gob.hn\/web\/wp-content\/uploads\/2022\/02\/Acuerdo-Ejecutivo-N\u00b0-08-96-Reglamento-para-el-Control-de-Productos-Veterinarios.pdf\">\n\n\t\t\t\t\t\t\t\t\t\t\t\t<span class=\"elementor-icon-list-icon\">\n\t\t\t\t\t\t\t<i aria-hidden=\"true\" class=\"fas fa-check\"><\/i>\t\t\t\t\t\t<\/span>\n\t\t\t\t\t\t\t\t\t\t<span class=\"elementor-icon-list-text\">Acuerdo Ejecutivo  N\u00b0 08-96 Reglamento para el Control de Productos Veterinarios<\/span>\n\t\t\t\t\t\t\t\t\t\t\t<\/a>\n\t\t\t\t\t\t\t\t\t<\/li>\n\t\t\t\t\t\t\t\t<li class=\"elementor-icon-list-item\">\n\t\t\t\t\t\t\t\t\t\t\t<a href=\"https:\/\/senasa.gob.hn\/web\/wp-content\/uploads\/2022\/02\/Acuerdo-1419-00-Reglamento-de-vigilancia-epidemiologica-de-salud-animal..pdf\">\n\n\t\t\t\t\t\t\t\t\t\t\t\t<span class=\"elementor-icon-list-icon\">\n\t\t\t\t\t\t\t<i aria-hidden=\"true\" class=\"fas fa-check\"><\/i>\t\t\t\t\t\t<\/span>\n\t\t\t\t\t\t\t\t\t\t<span class=\"elementor-icon-list-text\">Acuerdo 1419-00 Reglamento de vigilancia epidemiologica de salud animal.<\/span>\n\t\t\t\t\t\t\t\t\t\t\t<\/a>\n\t\t\t\t\t\t\t\t\t<\/li>\n\t\t\t\t\t\t\t\t<li class=\"elementor-icon-list-item\">\n\t\t\t\t\t\t\t\t\t\t\t<a href=\"https:\/\/senasa.gob.hn\/web\/wp-content\/uploads\/2022\/02\/Acuerdo-401-13-Reglamento-para-la-vigilancia-epidemiologica-prevencion-y-control-de-la-encefalopatia-espongiforme-bovina-EBB-y-otras-encefalopatias-espongiformes-transmisibles-EET.pdf\">\n\n\t\t\t\t\t\t\t\t\t\t\t\t<span class=\"elementor-icon-list-icon\">\n\t\t\t\t\t\t\t<i aria-hidden=\"true\" class=\"fas fa-check\"><\/i>\t\t\t\t\t\t<\/span>\n\t\t\t\t\t\t\t\t\t\t<span class=\"elementor-icon-list-text\">Acuerdo 401-13 Reglamento para la vigilancia epidemiol\u00f3gica, prevenci\u00f3n y control de la encefalopat\u00eda espongiforme bovina (EBB) y otras encefalopat\u00edas espongiformes transmisibles (EET)<\/span>\n\t\t\t\t\t\t\t\t\t\t\t<\/a>\n\t\t\t\t\t\t\t\t\t<\/li>\n\t\t\t\t\t\t\t\t<li class=\"elementor-icon-list-item\">\n\t\t\t\t\t\t\t\t\t\t\t<a href=\"https:\/\/senasa.gob.hn\/web\/wp-content\/uploads\/2022\/02\/Acuerdo-01-2013-Reglamento-de-Registro-de-Establecimientos-Importadores-Procesadores-yo-Exportadores-de-Productos-y-Subproductos-de-Origen-Animal-yo-Vegetal.pdf\">\n\n\t\t\t\t\t\t\t\t\t\t\t\t<span class=\"elementor-icon-list-icon\">\n\t\t\t\t\t\t\t<i aria-hidden=\"true\" class=\"fas fa-check\"><\/i>\t\t\t\t\t\t<\/span>\n\t\t\t\t\t\t\t\t\t\t<span class=\"elementor-icon-list-text\">Acuerdo 01-2013 Reglamento de Registro de Establecimientos Importadores, Procesadores yo Exportadores de Productos y Subproductos de Origen Animal yo Vegetal<\/span>\n\t\t\t\t\t\t\t\t\t\t\t<\/a>\n\t\t\t\t\t\t\t\t\t<\/li>\n\t\t\t\t\t\t<\/ul>\n\t\t\t\t\t\t<\/div>\n\t\t\t\t<\/div>\n\t\t\t\t\t<\/div>\n\t\t<\/div>\n\t\t\t\t\t<\/div>\n\t\t<\/section>\n\t\t\t\t<\/div>\n\t\t","protected":false},"excerpt":{"rendered":"<p>Salud Animal Acuerdo-No.-936-13 Acuerdo 966-03 Reglamento de procedimiento para la aplicaci\u00f3n de la convenci\u00f3n del comercio internacional de especies amenazadas de flora y fauna. ACUERDO-C.D.-SENASA-004-201807022018104028 ACUERDO-C.D.-SENASA-003-201807022018103800 Acuerdo N\u00b0 1735-97 Reglamento de Control Erradicaci\u00f3n de la Brucelosis y Tuberculossis Elemento de listaAcuerdo N\u00b0 1418-00 Reglamento de Salud Pesquera y Acuicola Acuerdo N\u00b0 167-17 Registro, Renovacion de &hellip;<\/p>\n<p class=\"read-more\"> <a class=\"\" href=\"https:\/\/senasa.gob.hn\/web\/reglamentos-salud-animal\/\"> <span class=\"screen-reader-text\">reglamentos Salud Animal<\/span> Leer m\u00e1s &raquo;<\/a><\/p>\n","protected":false},"author":1,"featured_media":0,"parent":0,"menu_order":0,"comment_status":"closed","ping_status":"closed","template":"","meta":{"ub_ctt_via":"","site-sidebar-layout":"no-sidebar","site-content-layout":"page-builder","ast-main-header-display":"","ast-hfb-above-header-display":"","ast-hfb-below-header-display":"","ast-hfb-mobile-header-display":"","site-post-title":"disabled","ast-breadcrumbs-content":"","ast-featured-img":"disabled","footer-sml-layout":"","theme-transparent-header-meta":"","adv-header-id-meta":"","stick-header-meta":"","header-above-stick-meta":"","header-main-stick-meta":"","header-below-stick-meta":"","footnotes":""},"class_list":["post-5947","page","type-page","status-publish","hentry"],"featured_image_src":null,"_links":{"self":[{"href":"https:\/\/senasa.gob.hn\/web\/wp-json\/wp\/v2\/pages\/5947","targetHints":{"allow":["GET"]}}],"collection":[{"href":"https:\/\/senasa.gob.hn\/web\/wp-json\/wp\/v2\/pages"}],"about":[{"href":"https:\/\/senasa.gob.hn\/web\/wp-json\/wp\/v2\/types\/page"}],"author":[{"embeddable":true,"href":"https:\/\/senasa.gob.hn\/web\/wp-json\/wp\/v2\/users\/1"}],"replies":[{"embeddable":true,"href":"https:\/\/senasa.gob.hn\/web\/wp-json\/wp\/v2\/comments?post=5947"}],"version-history":[{"count":4,"href":"https:\/\/senasa.gob.hn\/web\/wp-json\/wp\/v2\/pages\/5947\/revisions"}],"predecessor-version":[{"id":5970,"href":"https:\/\/senasa.gob.hn\/web\/wp-json\/wp\/v2\/pages\/5947\/revisions\/5970"}],"wp:attachment":[{"href":"https:\/\/senasa.gob.hn\/web\/wp-json\/wp\/v2\/media?parent=5947"}],"curies":[{"name":"wp","href":"https:\/\/api.w.org\/{rel}","templated":true}]}}