{"id":502,"date":"2021-01-04T14:37:44","date_gmt":"2021-01-04T14:37:44","guid":{"rendered":"https:\/\/senasa.gob.hn\/web\/?page_id=502"},"modified":"2021-01-04T18:51:51","modified_gmt":"2021-01-04T18:51:51","slug":"salud-animal","status":"publish","type":"page","link":"https:\/\/senasa.gob.hn\/web\/salud-animal\/","title":{"rendered":"Salud Animal"},"content":{"rendered":"\t\t<div data-elementor-type=\"wp-page\" data-elementor-id=\"502\" class=\"elementor elementor-502\">\n\t\t\t\t\t\t<section class=\"elementor-section elementor-top-section elementor-element elementor-element-2a0544e elementor-section-boxed elementor-section-height-default elementor-section-height-default\" data-id=\"2a0544e\" data-element_type=\"section\" data-e-type=\"section\">\n\t\t\t\t\t\t<div class=\"elementor-container elementor-column-gap-default\">\n\t\t\t\t\t<div class=\"elementor-column elementor-col-100 elementor-top-column elementor-element elementor-element-e929923\" data-id=\"e929923\" data-element_type=\"column\" data-e-type=\"column\">\n\t\t\t<div class=\"elementor-widget-wrap elementor-element-populated\">\n\t\t\t\t\t\t<div class=\"elementor-element elementor-element-e7f1f24 elementor-widget elementor-widget-heading\" data-id=\"e7f1f24\" data-element_type=\"widget\" data-e-type=\"widget\" data-widget_type=\"heading.default\">\n\t\t\t\t<div class=\"elementor-widget-container\">\n\t\t\t\t\t<h2 class=\"elementor-heading-title elementor-size-default\">\u00bfEn qu\u00e9 podemos servirte?<\/h2>\t\t\t\t<\/div>\n\t\t\t\t<\/div>\n\t\t\t\t\t<\/div>\n\t\t<\/div>\n\t\t\t\t\t<\/div>\n\t\t<\/section>\n\t\t\t\t<section class=\"elementor-section elementor-top-section elementor-element elementor-element-148991f elementor-section-boxed elementor-section-height-default elementor-section-height-default\" data-id=\"148991f\" data-element_type=\"section\" data-e-type=\"section\">\n\t\t\t\t\t\t<div class=\"elementor-container elementor-column-gap-default\">\n\t\t\t\t\t<div class=\"elementor-column elementor-col-100 elementor-top-column elementor-element elementor-element-98a30fa\" data-id=\"98a30fa\" data-element_type=\"column\" data-e-type=\"column\">\n\t\t\t<div class=\"elementor-widget-wrap elementor-element-populated\">\n\t\t\t\t\t\t<section class=\"elementor-section elementor-inner-section elementor-element elementor-element-1b1f635 elementor-section-boxed elementor-section-height-default elementor-section-height-default\" data-id=\"1b1f635\" data-element_type=\"section\" data-e-type=\"section\">\n\t\t\t\t\t\t<div class=\"elementor-container elementor-column-gap-no\">\n\t\t\t\t\t<div class=\"elementor-column elementor-col-33 elementor-inner-column elementor-element elementor-element-cb7237f elementor-invisible\" data-id=\"cb7237f\" data-element_type=\"column\" data-e-type=\"column\" data-settings=\"{&quot;animation&quot;:&quot;fadeInLeft&quot;}\">\n\t\t\t<div class=\"elementor-widget-wrap elementor-element-populated\">\n\t\t\t\t\t\t<div class=\"elementor-element elementor-element-44c46b2 elementor-invisible elementor-widget elementor-widget-image\" data-id=\"44c46b2\" data-element_type=\"widget\" data-e-type=\"widget\" data-settings=\"{&quot;_animation&quot;:&quot;zoomIn&quot;}\" data-widget_type=\"image.default\">\n\t\t\t\t<div class=\"elementor-widget-container\">\n\t\t\t\t\t\t\t\t\t\t\t\t\t\t\t\t<a href=\"https:\/\/senasa.gob.hn\/web\/productos-veterinarios\/\">\n\t\t\t\t\t\t\t<img fetchpriority=\"high\" decoding=\"async\" width=\"400\" height=\"400\" src=\"https:\/\/senasa.gob.hn\/web\/wp-content\/uploads\/2021\/01\/120088176_782255552617102_1651864288661755015_o-1.jpg\" class=\"attachment-large size-large wp-image-510\" alt=\"\" srcset=\"https:\/\/senasa.gob.hn\/web\/wp-content\/uploads\/2021\/01\/120088176_782255552617102_1651864288661755015_o-1.jpg 400w, https:\/\/senasa.gob.hn\/web\/wp-content\/uploads\/2021\/01\/120088176_782255552617102_1651864288661755015_o-1-300x300.jpg 300w, https:\/\/senasa.gob.hn\/web\/wp-content\/uploads\/2021\/01\/120088176_782255552617102_1651864288661755015_o-1-100x100.jpg 100w, https:\/\/senasa.gob.hn\/web\/wp-content\/uploads\/2021\/01\/120088176_782255552617102_1651864288661755015_o-1-150x150.jpg 150w\" sizes=\"(max-width: 400px) 100vw, 400px\" \/>\t\t\t\t\t\t\t\t<\/a>\n\t\t\t\t\t\t\t\t\t\t\t\t\t\t\t<\/div>\n\t\t\t\t<\/div>\n\t\t\t\t<div class=\"elementor-element elementor-element-3472317 elementor-widget elementor-widget-heading\" data-id=\"3472317\" data-element_type=\"widget\" data-e-type=\"widget\" data-widget_type=\"heading.default\">\n\t\t\t\t<div class=\"elementor-widget-container\">\n\t\t\t\t\t<h3 class=\"elementor-heading-title elementor-size-default\"><a href=\"https:\/\/senasa.gob.hn\/web\/productos-veterinarios\/\">Productos Veterinarios<\/a><\/h3>\t\t\t\t<\/div>\n\t\t\t\t<\/div>\n\t\t\t\t\t<\/div>\n\t\t<\/div>\n\t\t\t\t<div class=\"elementor-column elementor-col-33 elementor-inner-column elementor-element elementor-element-8a969bf elementor-invisible\" data-id=\"8a969bf\" data-element_type=\"column\" data-e-type=\"column\" data-settings=\"{&quot;animation&quot;:&quot;zoomIn&quot;}\">\n\t\t\t<div class=\"elementor-widget-wrap elementor-element-populated\">\n\t\t\t\t\t\t<div class=\"elementor-element elementor-element-463901f elementor-invisible elementor-widget elementor-widget-image\" data-id=\"463901f\" data-element_type=\"widget\" data-e-type=\"widget\" data-settings=\"{&quot;_animation&quot;:&quot;zoomIn&quot;}\" data-widget_type=\"image.default\">\n\t\t\t\t<div class=\"elementor-widget-container\">\n\t\t\t\t\t\t\t\t\t\t\t\t\t\t\t<img decoding=\"async\" width=\"400\" height=\"400\" src=\"https:\/\/senasa.gob.hn\/web\/wp-content\/uploads\/2021\/01\/que-es-la-importacion-temporal-1024x680-1.jpg\" class=\"attachment-large size-large wp-image-514\" alt=\"\" srcset=\"https:\/\/senasa.gob.hn\/web\/wp-content\/uploads\/2021\/01\/que-es-la-importacion-temporal-1024x680-1.jpg 400w, https:\/\/senasa.gob.hn\/web\/wp-content\/uploads\/2021\/01\/que-es-la-importacion-temporal-1024x680-1-300x300.jpg 300w, https:\/\/senasa.gob.hn\/web\/wp-content\/uploads\/2021\/01\/que-es-la-importacion-temporal-1024x680-1-100x100.jpg 100w, https:\/\/senasa.gob.hn\/web\/wp-content\/uploads\/2021\/01\/que-es-la-importacion-temporal-1024x680-1-150x150.jpg 150w\" sizes=\"(max-width: 400px) 100vw, 400px\" \/>\t\t\t\t\t\t\t\t\t\t\t\t\t\t\t<\/div>\n\t\t\t\t<\/div>\n\t\t\t\t<div class=\"elementor-element elementor-element-6c33c14 elementor-widget elementor-widget-heading\" data-id=\"6c33c14\" data-element_type=\"widget\" data-e-type=\"widget\" data-widget_type=\"heading.default\">\n\t\t\t\t<div class=\"elementor-widget-container\">\n\t\t\t\t\t<h3 class=\"elementor-heading-title elementor-size-default\">Requisitos de importaci\u00f3n <\/h3>\t\t\t\t<\/div>\n\t\t\t\t<\/div>\n\t\t\t\t\t<\/div>\n\t\t<\/div>\n\t\t\t\t<div class=\"elementor-column elementor-col-33 elementor-inner-column elementor-element elementor-element-a5d28f1 elementor-invisible\" data-id=\"a5d28f1\" data-element_type=\"column\" data-e-type=\"column\" data-settings=\"{&quot;animation&quot;:&quot;fadeInRight&quot;}\">\n\t\t\t<div class=\"elementor-widget-wrap elementor-element-populated\">\n\t\t\t\t\t\t<div class=\"elementor-element elementor-element-4f78fd0 elementor-invisible elementor-widget elementor-widget-image\" data-id=\"4f78fd0\" data-element_type=\"widget\" data-e-type=\"widget\" data-settings=\"{&quot;_animation&quot;:&quot;zoomIn&quot;}\" data-widget_type=\"image.default\">\n\t\t\t\t<div class=\"elementor-widget-container\">\n\t\t\t\t\t\t\t\t\t\t\t\t\t\t\t<img decoding=\"async\" width=\"400\" height=\"400\" src=\"https:\/\/senasa.gob.hn\/web\/wp-content\/uploads\/2021\/01\/61658490-concepto-de-exportacion-cartel-tipografico-.jpg\" class=\"attachment-large size-large wp-image-516\" alt=\"\" srcset=\"https:\/\/senasa.gob.hn\/web\/wp-content\/uploads\/2021\/01\/61658490-concepto-de-exportacion-cartel-tipografico-.jpg 400w, https:\/\/senasa.gob.hn\/web\/wp-content\/uploads\/2021\/01\/61658490-concepto-de-exportacion-cartel-tipografico--300x300.jpg 300w, https:\/\/senasa.gob.hn\/web\/wp-content\/uploads\/2021\/01\/61658490-concepto-de-exportacion-cartel-tipografico--100x100.jpg 100w, https:\/\/senasa.gob.hn\/web\/wp-content\/uploads\/2021\/01\/61658490-concepto-de-exportacion-cartel-tipografico--150x150.jpg 150w\" sizes=\"(max-width: 400px) 100vw, 400px\" \/>\t\t\t\t\t\t\t\t\t\t\t\t\t\t\t<\/div>\n\t\t\t\t<\/div>\n\t\t\t\t<div class=\"elementor-element elementor-element-860040d elementor-widget elementor-widget-heading\" data-id=\"860040d\" data-element_type=\"widget\" data-e-type=\"widget\" data-widget_type=\"heading.default\">\n\t\t\t\t<div class=\"elementor-widget-container\">\n\t\t\t\t\t<h3 class=\"elementor-heading-title elementor-size-default\">Requisitos exportaci\u00f3n <\/h3>\t\t\t\t<\/div>\n\t\t\t\t<\/div>\n\t\t\t\t\t<\/div>\n\t\t<\/div>\n\t\t\t\t\t<\/div>\n\t\t<\/section>\n\t\t\t\t<section class=\"elementor-section elementor-inner-section elementor-element elementor-element-226c12e elementor-section-boxed elementor-section-height-default elementor-section-height-default\" data-id=\"226c12e\" data-element_type=\"section\" data-e-type=\"section\">\n\t\t\t\t\t\t<div class=\"elementor-container elementor-column-gap-no\">\n\t\t\t\t\t<div class=\"elementor-column elementor-col-33 elementor-inner-column elementor-element elementor-element-6cc105a elementor-invisible\" data-id=\"6cc105a\" data-element_type=\"column\" data-e-type=\"column\" data-settings=\"{&quot;animation&quot;:&quot;fadeInLeft&quot;}\">\n\t\t\t<div class=\"elementor-widget-wrap elementor-element-populated\">\n\t\t\t\t\t\t<div class=\"elementor-element elementor-element-5af7c22 elementor-invisible elementor-widget elementor-widget-image\" data-id=\"5af7c22\" data-element_type=\"widget\" data-e-type=\"widget\" data-settings=\"{&quot;_animation&quot;:&quot;zoomIn&quot;}\" data-widget_type=\"image.default\">\n\t\t\t\t<div class=\"elementor-widget-container\">\n\t\t\t\t\t\t\t\t\t\t\t\t\t\t\t<img loading=\"lazy\" decoding=\"async\" width=\"400\" height=\"398\" src=\"https:\/\/senasa.gob.hn\/web\/wp-content\/uploads\/2021\/01\/avicola.png\" class=\"attachment-large size-large wp-image-517\" alt=\"\" srcset=\"https:\/\/senasa.gob.hn\/web\/wp-content\/uploads\/2021\/01\/avicola.png 400w, https:\/\/senasa.gob.hn\/web\/wp-content\/uploads\/2021\/01\/avicola-300x300.png 300w, https:\/\/senasa.gob.hn\/web\/wp-content\/uploads\/2021\/01\/avicola-100x100.png 100w, https:\/\/senasa.gob.hn\/web\/wp-content\/uploads\/2021\/01\/avicola-150x150.png 150w\" sizes=\"(max-width: 400px) 100vw, 400px\" \/>\t\t\t\t\t\t\t\t\t\t\t\t\t\t\t<\/div>\n\t\t\t\t<\/div>\n\t\t\t\t<div class=\"elementor-element elementor-element-2f8cf23 elementor-widget elementor-widget-heading\" data-id=\"2f8cf23\" data-element_type=\"widget\" data-e-type=\"widget\" data-widget_type=\"heading.default\">\n\t\t\t\t<div class=\"elementor-widget-container\">\n\t\t\t\t\t<h3 class=\"elementor-heading-title elementor-size-default\">Programa Av\u00edcola Nacional PAN<\/h3>\t\t\t\t<\/div>\n\t\t\t\t<\/div>\n\t\t\t\t\t<\/div>\n\t\t<\/div>\n\t\t\t\t<div class=\"elementor-column elementor-col-33 elementor-inner-column elementor-element elementor-element-f992a31 elementor-invisible\" data-id=\"f992a31\" data-element_type=\"column\" data-e-type=\"column\" data-settings=\"{&quot;animation&quot;:&quot;zoomIn&quot;}\">\n\t\t\t<div class=\"elementor-widget-wrap elementor-element-populated\">\n\t\t\t\t\t\t<div class=\"elementor-element elementor-element-15666f8 elementor-invisible elementor-widget elementor-widget-image\" data-id=\"15666f8\" data-element_type=\"widget\" data-e-type=\"widget\" data-settings=\"{&quot;_animation&quot;:&quot;zoomIn&quot;}\" data-widget_type=\"image.default\">\n\t\t\t\t<div class=\"elementor-widget-container\">\n\t\t\t\t\t\t\t\t\t\t\t\t\t\t\t<img loading=\"lazy\" decoding=\"async\" width=\"400\" height=\"400\" src=\"https:\/\/senasa.gob.hn\/web\/wp-content\/uploads\/2021\/01\/8402ce46-2c.jpg\" class=\"attachment-large size-large wp-image-519\" alt=\"\" srcset=\"https:\/\/senasa.gob.hn\/web\/wp-content\/uploads\/2021\/01\/8402ce46-2c.jpg 400w, https:\/\/senasa.gob.hn\/web\/wp-content\/uploads\/2021\/01\/8402ce46-2c-300x300.jpg 300w, https:\/\/senasa.gob.hn\/web\/wp-content\/uploads\/2021\/01\/8402ce46-2c-100x100.jpg 100w, https:\/\/senasa.gob.hn\/web\/wp-content\/uploads\/2021\/01\/8402ce46-2c-150x150.jpg 150w\" sizes=\"(max-width: 400px) 100vw, 400px\" \/>\t\t\t\t\t\t\t\t\t\t\t\t\t\t\t<\/div>\n\t\t\t\t<\/div>\n\t\t\t\t<div class=\"elementor-element elementor-element-74c7333 elementor-widget elementor-widget-heading\" data-id=\"74c7333\" data-element_type=\"widget\" data-e-type=\"widget\" data-widget_type=\"heading.default\">\n\t\t\t\t<div class=\"elementor-widget-container\">\n\t\t\t\t\t<h3 class=\"elementor-heading-title elementor-size-default\">Laboratorio San Jose <\/h3>\t\t\t\t<\/div>\n\t\t\t\t<\/div>\n\t\t\t\t\t<\/div>\n\t\t<\/div>\n\t\t\t\t<div class=\"elementor-column elementor-col-33 elementor-inner-column elementor-element elementor-element-2b91089 elementor-invisible\" data-id=\"2b91089\" data-element_type=\"column\" data-e-type=\"column\" data-settings=\"{&quot;animation&quot;:&quot;fadeInRight&quot;}\">\n\t\t\t<div class=\"elementor-widget-wrap elementor-element-populated\">\n\t\t\t\t\t\t<div class=\"elementor-element elementor-element-f64fd95 elementor-invisible elementor-widget elementor-widget-image\" data-id=\"f64fd95\" data-element_type=\"widget\" data-e-type=\"widget\" data-settings=\"{&quot;_animation&quot;:&quot;zoomIn&quot;}\" data-widget_type=\"image.default\">\n\t\t\t\t<div class=\"elementor-widget-container\">\n\t\t\t\t\t\t\t\t\t\t\t\t\t\t\t<img loading=\"lazy\" decoding=\"async\" width=\"400\" height=\"400\" src=\"https:\/\/senasa.gob.hn\/web\/wp-content\/uploads\/2021\/01\/ResizedImage600338-add3a51f-d778-4d9b-9aa1-c29c61c9e89c.jpg\" class=\"attachment-large size-large wp-image-522\" alt=\"\" srcset=\"https:\/\/senasa.gob.hn\/web\/wp-content\/uploads\/2021\/01\/ResizedImage600338-add3a51f-d778-4d9b-9aa1-c29c61c9e89c.jpg 400w, https:\/\/senasa.gob.hn\/web\/wp-content\/uploads\/2021\/01\/ResizedImage600338-add3a51f-d778-4d9b-9aa1-c29c61c9e89c-300x300.jpg 300w, https:\/\/senasa.gob.hn\/web\/wp-content\/uploads\/2021\/01\/ResizedImage600338-add3a51f-d778-4d9b-9aa1-c29c61c9e89c-100x100.jpg 100w, https:\/\/senasa.gob.hn\/web\/wp-content\/uploads\/2021\/01\/ResizedImage600338-add3a51f-d778-4d9b-9aa1-c29c61c9e89c-150x150.jpg 150w\" sizes=\"(max-width: 400px) 100vw, 400px\" \/>\t\t\t\t\t\t\t\t\t\t\t\t\t\t\t<\/div>\n\t\t\t\t<\/div>\n\t\t\t\t<div class=\"elementor-element elementor-element-8d02a8a elementor-widget elementor-widget-heading\" data-id=\"8d02a8a\" data-element_type=\"widget\" data-e-type=\"widget\" data-widget_type=\"heading.default\">\n\t\t\t\t<div class=\"elementor-widget-container\">\n\t\t\t\t\t<h3 class=\"elementor-heading-title elementor-size-default\">IHIMV <\/h3>\t\t\t\t<\/div>\n\t\t\t\t<\/div>\n\t\t\t\t\t<\/div>\n\t\t<\/div>\n\t\t\t\t\t<\/div>\n\t\t<\/section>\n\t\t\t\t\t<\/div>\n\t\t<\/div>\n\t\t\t\t\t<\/div>\n\t\t<\/section>\n\t\t\t\t<\/div>\n\t\t","protected":false},"excerpt":{"rendered":"<p>\u00bfEn qu\u00e9 podemos servirte? Productos Veterinarios Requisitos de importaci\u00f3n Requisitos exportaci\u00f3n Programa Av\u00edcola Nacional PAN Laboratorio San Jose IHIMV<\/p>\n","protected":false},"author":1,"featured_media":0,"parent":0,"menu_order":0,"comment_status":"closed","ping_status":"closed","template":"","meta":{"ub_ctt_via":"","site-sidebar-layout":"no-sidebar","site-content-layout":"page-builder","ast-main-header-display":"","ast-hfb-above-header-display":"","ast-hfb-below-header-display":"","ast-hfb-mobile-header-display":"","site-post-title":"disabled","ast-breadcrumbs-content":"","ast-featured-img":"disabled","footer-sml-layout":"","theme-transparent-header-meta":"default","adv-header-id-meta":"","stick-header-meta":"","header-above-stick-meta":"","header-main-stick-meta":"","header-below-stick-meta":"","footnotes":""},"class_list":["post-502","page","type-page","status-publish","hentry"],"featured_image_src":null,"_links":{"self":[{"href":"https:\/\/senasa.gob.hn\/web\/wp-json\/wp\/v2\/pages\/502","targetHints":{"allow":["GET"]}}],"collection":[{"href":"https:\/\/senasa.gob.hn\/web\/wp-json\/wp\/v2\/pages"}],"about":[{"href":"https:\/\/senasa.gob.hn\/web\/wp-json\/wp\/v2\/types\/page"}],"author":[{"embeddable":true,"href":"https:\/\/senasa.gob.hn\/web\/wp-json\/wp\/v2\/users\/1"}],"replies":[{"embeddable":true,"href":"https:\/\/senasa.gob.hn\/web\/wp-json\/wp\/v2\/comments?post=502"}],"version-history":[{"count":8,"href":"https:\/\/senasa.gob.hn\/web\/wp-json\/wp\/v2\/pages\/502\/revisions"}],"predecessor-version":[{"id":564,"href":"https:\/\/senasa.gob.hn\/web\/wp-json\/wp\/v2\/pages\/502\/revisions\/564"}],"wp:attachment":[{"href":"https:\/\/senasa.gob.hn\/web\/wp-json\/wp\/v2\/media?parent=502"}],"curies":[{"name":"wp","href":"https:\/\/api.w.org\/{rel}","templated":true}]}}