{"id":2314,"date":"2021-12-14T16:14:02","date_gmt":"2021-12-14T16:14:02","guid":{"rendered":"https:\/\/senasa.gob.hn\/web\/?page_id=2314"},"modified":"2021-12-14T16:18:33","modified_gmt":"2021-12-14T16:18:33","slug":"centro-de-tramites-de-exportacion","status":"publish","type":"page","link":"https:\/\/senasa.gob.hn\/web\/centro-de-tramites-de-exportacion\/","title":{"rendered":"Centro de Tr\u00e1mites de Exportaci\u00f3n"},"content":{"rendered":"\t\t<div data-elementor-type=\"wp-page\" data-elementor-id=\"2314\" class=\"elementor elementor-2314\">\n\t\t\t\t\t\t<section class=\"elementor-section elementor-top-section elementor-element elementor-element-f04fdec elementor-section-full_width animated-slow elementor-section-height-default elementor-section-height-default elementor-invisible\" data-id=\"f04fdec\" data-element_type=\"section\" data-e-type=\"section\" data-settings=\"{&quot;background_background&quot;:&quot;classic&quot;,&quot;animation&quot;:&quot;fadeIn&quot;}\">\n\t\t\t\t\t\t\t<div class=\"elementor-background-overlay\"><\/div>\n\t\t\t\t\t\t\t<div class=\"elementor-container elementor-column-gap-no\">\n\t\t\t\t\t<div class=\"elementor-column elementor-col-100 elementor-top-column elementor-element elementor-element-e340b6c\" data-id=\"e340b6c\" data-element_type=\"column\" data-e-type=\"column\" data-settings=\"{&quot;animation&quot;:&quot;none&quot;}\">\n\t\t\t<div class=\"elementor-widget-wrap elementor-element-populated\">\n\t\t\t\t\t\t<div class=\"elementor-element elementor-element-16c3400 elementor-widget elementor-widget-heading\" data-id=\"16c3400\" data-element_type=\"widget\" data-e-type=\"widget\" data-widget_type=\"heading.default\">\n\t\t\t\t<div class=\"elementor-widget-container\">\n\t\t\t\t\t<div class=\"elementor-heading-title elementor-size-xxl\">Gesti\u00f3n del Conocimiento<\/div>\t\t\t\t<\/div>\n\t\t\t\t<\/div>\n\t\t\t\t<section class=\"elementor-section elementor-inner-section elementor-element elementor-element-1864aa9 elementor-section-boxed elementor-section-height-default elementor-section-height-default\" data-id=\"1864aa9\" data-element_type=\"section\" data-e-type=\"section\">\n\t\t\t\t\t\t<div class=\"elementor-container elementor-column-gap-no\">\n\t\t\t\t\t<div class=\"elementor-column elementor-col-50 elementor-inner-column elementor-element elementor-element-fa67733 elementor-invisible\" data-id=\"fa67733\" data-element_type=\"column\" data-e-type=\"column\" data-settings=\"{&quot;animation&quot;:&quot;zoomIn&quot;}\">\n\t\t\t<div class=\"elementor-widget-wrap elementor-element-populated\">\n\t\t\t\t\t\t<div class=\"elementor-element elementor-element-9c403d5 elementor-widget elementor-widget-image\" data-id=\"9c403d5\" data-element_type=\"widget\" data-e-type=\"widget\" data-widget_type=\"image.default\">\n\t\t\t\t<div class=\"elementor-widget-container\">\n\t\t\t\t\t\t\t\t\t\t\t\t\t\t\t\t<a href=\"https:\/\/seceh.centrex.hn\/\">\n\t\t\t\t\t\t\t<img decoding=\"async\" width=\"150\" height=\"150\" src=\"https:\/\/senasa.gob.hn\/web\/wp-content\/uploads\/2021\/11\/117306273_2640777456143122_5910558294043081165_n-150x150.jpg\" class=\"elementor-animation-bounce-in attachment-thumbnail size-thumbnail wp-image-1161\" alt=\"\" srcset=\"https:\/\/senasa.gob.hn\/web\/wp-content\/uploads\/2021\/11\/117306273_2640777456143122_5910558294043081165_n-150x150.jpg 150w, https:\/\/senasa.gob.hn\/web\/wp-content\/uploads\/2021\/11\/117306273_2640777456143122_5910558294043081165_n-300x300.jpg 300w, https:\/\/senasa.gob.hn\/web\/wp-content\/uploads\/2021\/11\/117306273_2640777456143122_5910558294043081165_n-100x100.jpg 100w\" sizes=\"(max-width: 150px) 100vw, 150px\" \/>\t\t\t\t\t\t\t\t<\/a>\n\t\t\t\t\t\t\t\t\t\t\t\t\t\t\t<\/div>\n\t\t\t\t<\/div>\n\t\t\t\t<div class=\"elementor-element elementor-element-f42e332 elementor-widget elementor-widget-heading\" data-id=\"f42e332\" data-element_type=\"widget\" data-e-type=\"widget\" data-widget_type=\"heading.default\">\n\t\t\t\t<div class=\"elementor-widget-container\">\n\t\t\t\t\t<div class=\"elementor-heading-title elementor-size-large\"><a href=\"https:\/\/seceh.centrex.hn\/\">Centro de Tr\u00e1mites de Exportaci\u00f3n<\/a><\/div>\t\t\t\t<\/div>\n\t\t\t\t<\/div>\n\t\t\t\t\t<\/div>\n\t\t<\/div>\n\t\t\t\t<div class=\"elementor-column elementor-col-50 elementor-inner-column elementor-element elementor-element-09a19fa elementor-invisible\" data-id=\"09a19fa\" data-element_type=\"column\" data-e-type=\"column\" data-settings=\"{&quot;animation&quot;:&quot;fadeInRight&quot;}\">\n\t\t\t<div class=\"elementor-widget-wrap elementor-element-populated\">\n\t\t\t\t\t\t<div class=\"elementor-element elementor-element-ae3cc30 elementor-widget elementor-widget-image\" data-id=\"ae3cc30\" data-element_type=\"widget\" data-e-type=\"widget\" data-widget_type=\"image.default\">\n\t\t\t\t<div class=\"elementor-widget-container\">\n\t\t\t\t\t\t\t\t\t\t\t\t\t\t\t\t<a href=\"https:\/\/senasa.gob.hn\/web\/departamento-de-productos-veterinarios\">\n\t\t\t\t\t\t\t<img decoding=\"async\" width=\"150\" height=\"150\" src=\"https:\/\/senasa.gob.hn\/web\/wp-content\/uploads\/2021\/08\/GYZWD-YS8ohG12z-WQojiss5ips1KxIHpZ5dvvQbe5kohwBicHcMp1C1NWKS_kJC1GsS7jd5_j2H8LBoYgasA0klcckohphLVAmHlkdUyqFzQkvSXIkmujWaLdNFdEEjyMoAs2048-150x150.jpg\" class=\"elementor-animation-bounce-in attachment-thumbnail size-thumbnail wp-image-714\" alt=\"\" srcset=\"https:\/\/senasa.gob.hn\/web\/wp-content\/uploads\/2021\/08\/GYZWD-YS8ohG12z-WQojiss5ips1KxIHpZ5dvvQbe5kohwBicHcMp1C1NWKS_kJC1GsS7jd5_j2H8LBoYgasA0klcckohphLVAmHlkdUyqFzQkvSXIkmujWaLdNFdEEjyMoAs2048-150x150.jpg 150w, https:\/\/senasa.gob.hn\/web\/wp-content\/uploads\/2021\/08\/GYZWD-YS8ohG12z-WQojiss5ips1KxIHpZ5dvvQbe5kohwBicHcMp1C1NWKS_kJC1GsS7jd5_j2H8LBoYgasA0klcckohphLVAmHlkdUyqFzQkvSXIkmujWaLdNFdEEjyMoAs2048-100x100.jpg 100w\" sizes=\"(max-width: 150px) 100vw, 150px\" \/>\t\t\t\t\t\t\t\t<\/a>\n\t\t\t\t\t\t\t\t\t\t\t\t\t\t\t<\/div>\n\t\t\t\t<\/div>\n\t\t\t\t<div class=\"elementor-element elementor-element-eaa673a elementor-widget elementor-widget-heading\" data-id=\"eaa673a\" data-element_type=\"widget\" data-e-type=\"widget\" data-widget_type=\"heading.default\">\n\t\t\t\t<div class=\"elementor-widget-container\">\n\t\t\t\t\t<div class=\"elementor-heading-title elementor-size-large\">Requisitos de Exaltaci\u00f3n <\/div>\t\t\t\t<\/div>\n\t\t\t\t<\/div>\n\t\t\t\t\t<\/div>\n\t\t<\/div>\n\t\t\t\t\t<\/div>\n\t\t<\/section>\n\t\t\t\t\t<\/div>\n\t\t<\/div>\n\t\t\t\t\t<\/div>\n\t\t<\/section>\n\t\t\t\t<\/div>\n\t\t","protected":false},"excerpt":{"rendered":"<p>Gesti\u00f3n del Conocimiento Centro de Tr\u00e1mites de Exportaci\u00f3n Requisitos de Exaltaci\u00f3n<\/p>\n","protected":false},"author":1,"featured_media":0,"parent":0,"menu_order":0,"comment_status":"closed","ping_status":"closed","template":"","meta":{"ub_ctt_via":"","site-sidebar-layout":"no-sidebar","site-content-layout":"page-builder","ast-main-header-display":"","ast-hfb-above-header-display":"","ast-hfb-below-header-display":"","ast-hfb-mobile-header-display":"","site-post-title":"disabled","ast-breadcrumbs-content":"","ast-featured-img":"disabled","footer-sml-layout":"","theme-transparent-header-meta":"default","adv-header-id-meta":"","stick-header-meta":"","header-above-stick-meta":"","header-main-stick-meta":"","header-below-stick-meta":"","footnotes":""},"class_list":["post-2314","page","type-page","status-publish","hentry"],"featured_image_src":null,"_links":{"self":[{"href":"https:\/\/senasa.gob.hn\/web\/wp-json\/wp\/v2\/pages\/2314","targetHints":{"allow":["GET"]}}],"collection":[{"href":"https:\/\/senasa.gob.hn\/web\/wp-json\/wp\/v2\/pages"}],"about":[{"href":"https:\/\/senasa.gob.hn\/web\/wp-json\/wp\/v2\/types\/page"}],"author":[{"embeddable":true,"href":"https:\/\/senasa.gob.hn\/web\/wp-json\/wp\/v2\/users\/1"}],"replies":[{"embeddable":true,"href":"https:\/\/senasa.gob.hn\/web\/wp-json\/wp\/v2\/comments?post=2314"}],"version-history":[{"count":4,"href":"https:\/\/senasa.gob.hn\/web\/wp-json\/wp\/v2\/pages\/2314\/revisions"}],"predecessor-version":[{"id":2321,"href":"https:\/\/senasa.gob.hn\/web\/wp-json\/wp\/v2\/pages\/2314\/revisions\/2321"}],"wp:attachment":[{"href":"https:\/\/senasa.gob.hn\/web\/wp-json\/wp\/v2\/media?parent=2314"}],"curies":[{"name":"wp","href":"https:\/\/api.w.org\/{rel}","templated":true}]}}