{"id":2116,"date":"2021-12-09T14:16:20","date_gmt":"2021-12-09T14:16:20","guid":{"rendered":"https:\/\/senasa.gob.hn\/web\/?page_id=2116"},"modified":"2022-09-09T02:20:21","modified_gmt":"2022-09-09T02:20:21","slug":"direccion-tecnica-de-sanidad-vegetal-2","status":"publish","type":"page","link":"https:\/\/senasa.gob.hn\/web\/direccion-tecnica-de-sanidad-vegetal-2\/","title":{"rendered":"DIRECCION TECNICA DE SANIDAD VEGETAL"},"content":{"rendered":"\t\t<div data-elementor-type=\"wp-page\" data-elementor-id=\"2116\" class=\"elementor elementor-2116\">\n\t\t\t\t\t\t<section class=\"elementor-section elementor-top-section elementor-element elementor-element-f04fdec elementor-section-full_width animated-slow elementor-section-height-default elementor-section-height-default elementor-invisible\" data-id=\"f04fdec\" data-element_type=\"section\" data-e-type=\"section\" data-settings=\"{&quot;background_background&quot;:&quot;classic&quot;,&quot;animation&quot;:&quot;fadeIn&quot;}\">\n\t\t\t\t\t\t\t<div class=\"elementor-background-overlay\"><\/div>\n\t\t\t\t\t\t\t<div class=\"elementor-container elementor-column-gap-no\">\n\t\t\t\t\t<div class=\"elementor-column elementor-col-100 elementor-top-column elementor-element elementor-element-e340b6c\" data-id=\"e340b6c\" data-element_type=\"column\" data-e-type=\"column\" data-settings=\"{&quot;animation&quot;:&quot;none&quot;}\">\n\t\t\t<div class=\"elementor-widget-wrap elementor-element-populated\">\n\t\t\t\t\t\t<div class=\"elementor-element elementor-element-16c3400 e-transform elementor-invisible elementor-widget elementor-widget-heading\" data-id=\"16c3400\" data-element_type=\"widget\" data-e-type=\"widget\" data-settings=\"{&quot;_animation&quot;:&quot;fadeInDown&quot;,&quot;_transform_scale_effect_hover&quot;:{&quot;unit&quot;:&quot;px&quot;,&quot;size&quot;:0.8000000000000000444089209850062616169452667236328125,&quot;sizes&quot;:[]},&quot;_transform_scale_effect_hover_tablet&quot;:{&quot;unit&quot;:&quot;px&quot;,&quot;size&quot;:&quot;&quot;,&quot;sizes&quot;:[]},&quot;_transform_scale_effect_hover_mobile&quot;:{&quot;unit&quot;:&quot;px&quot;,&quot;size&quot;:&quot;&quot;,&quot;sizes&quot;:[]}}\" data-widget_type=\"heading.default\">\n\t\t\t\t<div class=\"elementor-widget-container\">\n\t\t\t\t\t<div class=\"elementor-heading-title elementor-size-xxl\">Sanidad Vegetal<\/div>\t\t\t\t<\/div>\n\t\t\t\t<\/div>\n\t\t\t\t<section class=\"elementor-section elementor-inner-section elementor-element elementor-element-1864aa9 elementor-section-boxed elementor-section-height-default elementor-section-height-default\" data-id=\"1864aa9\" data-element_type=\"section\" data-e-type=\"section\">\n\t\t\t\t\t\t<div class=\"elementor-container elementor-column-gap-no\">\n\t\t\t\t\t<div class=\"elementor-column elementor-col-33 elementor-inner-column elementor-element elementor-element-fa67733 elementor-invisible\" data-id=\"fa67733\" data-element_type=\"column\" data-e-type=\"column\" data-settings=\"{&quot;animation&quot;:&quot;zoomIn&quot;}\">\n\t\t\t<div class=\"elementor-widget-wrap elementor-element-populated\">\n\t\t\t\t\t\t<div class=\"elementor-element elementor-element-9c403d5 elementor-widget elementor-widget-image\" data-id=\"9c403d5\" data-element_type=\"widget\" data-e-type=\"widget\" data-widget_type=\"image.default\">\n\t\t\t\t<div class=\"elementor-widget-container\">\n\t\t\t\t\t\t\t\t\t\t\t\t\t\t\t\t<a href=\"https:\/\/senasa.gob.hn\/web\/depto-de-certificacion-de-semilla\/\">\n\t\t\t\t\t\t\t<img decoding=\"async\" width=\"150\" height=\"150\" src=\"https:\/\/senasa.gob.hn\/web\/wp-content\/uploads\/2022\/02\/WhatsApp-Image-2022-02-22-at-3.30.13-PM-150x150.jpeg\" class=\"elementor-animation-bounce-in attachment-crp_thumbnail size-crp_thumbnail wp-image-5740\" alt=\"\" srcset=\"https:\/\/senasa.gob.hn\/web\/wp-content\/uploads\/2022\/02\/WhatsApp-Image-2022-02-22-at-3.30.13-PM-150x150.jpeg 150w, https:\/\/senasa.gob.hn\/web\/wp-content\/uploads\/2022\/02\/WhatsApp-Image-2022-02-22-at-3.30.13-PM-300x300.jpeg 300w, https:\/\/senasa.gob.hn\/web\/wp-content\/uploads\/2022\/02\/WhatsApp-Image-2022-02-22-at-3.30.13-PM-100x100.jpeg 100w\" sizes=\"(max-width: 150px) 100vw, 150px\" \/>\t\t\t\t\t\t\t\t<\/a>\n\t\t\t\t\t\t\t\t\t\t\t\t\t\t\t<\/div>\n\t\t\t\t<\/div>\n\t\t\t\t<div class=\"elementor-element elementor-element-f42e332 elementor-widget__width-initial elementor-absolute elementor-widget elementor-widget-heading\" data-id=\"f42e332\" data-element_type=\"widget\" data-e-type=\"widget\" data-settings=\"{&quot;_position&quot;:&quot;absolute&quot;}\" data-widget_type=\"heading.default\">\n\t\t\t\t<div class=\"elementor-widget-container\">\n\t\t\t\t\t<div class=\"elementor-heading-title elementor-size-large\"><a href=\"https:\/\/senasa.gob.hn\/web\/depto-de-certificacion-de-semilla\/\">Certificaci\u00f3n de\nSemillas<\/a><\/div>\t\t\t\t<\/div>\n\t\t\t\t<\/div>\n\t\t\t\t\t<\/div>\n\t\t<\/div>\n\t\t\t\t<div class=\"elementor-column elementor-col-33 elementor-inner-column elementor-element elementor-element-d68c4f1 elementor-invisible\" data-id=\"d68c4f1\" data-element_type=\"column\" data-e-type=\"column\" data-settings=\"{&quot;animation&quot;:&quot;fadeInLeft&quot;}\">\n\t\t\t<div class=\"elementor-widget-wrap elementor-element-populated\">\n\t\t\t\t\t\t<div class=\"elementor-element elementor-element-9dcf1c0 elementor-widget elementor-widget-image\" data-id=\"9dcf1c0\" data-element_type=\"widget\" data-e-type=\"widget\" data-widget_type=\"image.default\">\n\t\t\t\t<div class=\"elementor-widget-container\">\n\t\t\t\t\t\t\t\t\t\t\t\t\t\t\t\t<a href=\"https:\/\/senasa.gob.hn\/web\/laboratorio-de-biologia-molecular\/\">\n\t\t\t\t\t\t\t<img decoding=\"async\" width=\"150\" height=\"150\" src=\"https:\/\/senasa.gob.hn\/web\/wp-content\/uploads\/2022\/09\/Logo-LABBM-150x150.png\" class=\"elementor-animation-bounce-in attachment-crp_thumbnail size-crp_thumbnail wp-image-7906\" alt=\"\" srcset=\"https:\/\/senasa.gob.hn\/web\/wp-content\/uploads\/2022\/09\/Logo-LABBM-150x150.png 150w, https:\/\/senasa.gob.hn\/web\/wp-content\/uploads\/2022\/09\/Logo-LABBM-300x300.png 300w, https:\/\/senasa.gob.hn\/web\/wp-content\/uploads\/2022\/09\/Logo-LABBM-100x100.png 100w\" sizes=\"(max-width: 150px) 100vw, 150px\" \/>\t\t\t\t\t\t\t\t<\/a>\n\t\t\t\t\t\t\t\t\t\t\t\t\t\t\t<\/div>\n\t\t\t\t<\/div>\n\t\t\t\t<div class=\"elementor-element elementor-element-d95c0d2 elementor-widget__width-initial elementor-absolute elementor-widget elementor-widget-heading\" data-id=\"d95c0d2\" data-element_type=\"widget\" data-e-type=\"widget\" data-settings=\"{&quot;_position&quot;:&quot;absolute&quot;}\" data-widget_type=\"heading.default\">\n\t\t\t\t<div class=\"elementor-widget-container\">\n\t\t\t\t\t<div class=\"elementor-heading-title elementor-size-large\"><a href=\"https:\/\/senasa.gob.hn\/web\/laboratorio-de-biologia-molecular\/\">Laboratorio de Biolog\u00eda Molecular<\/a><\/div>\t\t\t\t<\/div>\n\t\t\t\t<\/div>\n\t\t\t\t\t<\/div>\n\t\t<\/div>\n\t\t\t\t<div class=\"elementor-column elementor-col-33 elementor-inner-column elementor-element elementor-element-09a19fa elementor-invisible\" data-id=\"09a19fa\" data-element_type=\"column\" data-e-type=\"column\" data-settings=\"{&quot;animation&quot;:&quot;fadeInRight&quot;}\">\n\t\t\t<div class=\"elementor-widget-wrap elementor-element-populated\">\n\t\t\t\t\t\t<div class=\"elementor-element elementor-element-ae3cc30 elementor-widget elementor-widget-image\" data-id=\"ae3cc30\" data-element_type=\"widget\" data-e-type=\"widget\" data-widget_type=\"image.default\">\n\t\t\t\t<div class=\"elementor-widget-container\">\n\t\t\t\t\t\t\t\t\t\t\t\t\t\t\t\t<a href=\"https:\/\/senasa.gob.hn\/web\/laboratorios-de-diagnostico-fitosanitario\/\">\n\t\t\t\t\t\t\t<img decoding=\"async\" width=\"150\" height=\"150\" src=\"https:\/\/senasa.gob.hn\/web\/wp-content\/uploads\/2022\/09\/Logo-LDF-150x150.png\" class=\"elementor-animation-bounce-in attachment-crp_thumbnail size-crp_thumbnail wp-image-7908\" alt=\"\" srcset=\"https:\/\/senasa.gob.hn\/web\/wp-content\/uploads\/2022\/09\/Logo-LDF-150x150.png 150w, https:\/\/senasa.gob.hn\/web\/wp-content\/uploads\/2022\/09\/Logo-LDF-300x300.png 300w, https:\/\/senasa.gob.hn\/web\/wp-content\/uploads\/2022\/09\/Logo-LDF-100x100.png 100w\" sizes=\"(max-width: 150px) 100vw, 150px\" \/>\t\t\t\t\t\t\t\t<\/a>\n\t\t\t\t\t\t\t\t\t\t\t\t\t\t\t<\/div>\n\t\t\t\t<\/div>\n\t\t\t\t<div class=\"elementor-element elementor-element-17a2e76 elementor-widget__width-initial elementor-absolute elementor-widget elementor-widget-heading\" data-id=\"17a2e76\" data-element_type=\"widget\" data-e-type=\"widget\" data-settings=\"{&quot;_position&quot;:&quot;absolute&quot;}\" data-widget_type=\"heading.default\">\n\t\t\t\t<div class=\"elementor-widget-container\">\n\t\t\t\t\t<div class=\"elementor-heading-title elementor-size-large\"><a href=\"https:\/\/senasa.gob.hn\/web\/laboratorios-de-diagnostico-fitosanitario\/\">Laboratorio de Diagn\u00f3stico Fitosanitario<\/a><\/div>\t\t\t\t<\/div>\n\t\t\t\t<\/div>\n\t\t\t\t\t<\/div>\n\t\t<\/div>\n\t\t\t\t\t<\/div>\n\t\t<\/section>\n\t\t\t\t\t<\/div>\n\t\t<\/div>\n\t\t\t\t\t<\/div>\n\t\t<\/section>\n\t\t\t\t<\/div>\n\t\t","protected":false},"excerpt":{"rendered":"<p>Sanidad Vegetal Certificaci\u00f3n de Semillas Laboratorio de Biolog\u00eda Molecular Laboratorio de Diagn\u00f3stico Fitosanitario<\/p>\n","protected":false},"author":1,"featured_media":0,"parent":0,"menu_order":0,"comment_status":"closed","ping_status":"closed","template":"","meta":{"ub_ctt_via":"","site-sidebar-layout":"no-sidebar","site-content-layout":"page-builder","ast-main-header-display":"","ast-hfb-above-header-display":"","ast-hfb-below-header-display":"","ast-hfb-mobile-header-display":"","site-post-title":"disabled","ast-breadcrumbs-content":"","ast-featured-img":"disabled","footer-sml-layout":"","theme-transparent-header-meta":"default","adv-header-id-meta":"","stick-header-meta":"","header-above-stick-meta":"","header-main-stick-meta":"","header-below-stick-meta":"","footnotes":""},"class_list":["post-2116","page","type-page","status-publish","hentry"],"featured_image_src":null,"_links":{"self":[{"href":"https:\/\/senasa.gob.hn\/web\/wp-json\/wp\/v2\/pages\/2116","targetHints":{"allow":["GET"]}}],"collection":[{"href":"https:\/\/senasa.gob.hn\/web\/wp-json\/wp\/v2\/pages"}],"about":[{"href":"https:\/\/senasa.gob.hn\/web\/wp-json\/wp\/v2\/types\/page"}],"author":[{"embeddable":true,"href":"https:\/\/senasa.gob.hn\/web\/wp-json\/wp\/v2\/users\/1"}],"replies":[{"embeddable":true,"href":"https:\/\/senasa.gob.hn\/web\/wp-json\/wp\/v2\/comments?post=2116"}],"version-history":[{"count":5,"href":"https:\/\/senasa.gob.hn\/web\/wp-json\/wp\/v2\/pages\/2116\/revisions"}],"predecessor-version":[{"id":7926,"href":"https:\/\/senasa.gob.hn\/web\/wp-json\/wp\/v2\/pages\/2116\/revisions\/7926"}],"wp:attachment":[{"href":"https:\/\/senasa.gob.hn\/web\/wp-json\/wp\/v2\/media?parent=2116"}],"curies":[{"name":"wp","href":"https:\/\/api.w.org\/{rel}","templated":true}]}}