{"id":1338,"date":"2021-11-11T21:54:38","date_gmt":"2021-11-11T21:54:38","guid":{"rendered":"https:\/\/senasa.gob.hn\/web\/?page_id=1338"},"modified":"2022-03-07T21:32:56","modified_gmt":"2022-03-07T21:32:56","slug":"programa-de-brucelosis-y-tuberculosis","status":"publish","type":"page","link":"https:\/\/senasa.gob.hn\/web\/programa-de-brucelosis-y-tuberculosis\/","title":{"rendered":"Programa de Brucelosis y Tuberculosis"},"content":{"rendered":"\t\t<div data-elementor-type=\"wp-page\" data-elementor-id=\"1338\" class=\"elementor elementor-1338\">\n\t\t\t\t\t\t<section class=\"elementor-section elementor-top-section elementor-element elementor-element-ef7c4e3 elementor-section-boxed elementor-section-height-default elementor-section-height-default\" data-id=\"ef7c4e3\" data-element_type=\"section\" data-e-type=\"section\">\n\t\t\t\t\t\t<div class=\"elementor-container elementor-column-gap-default\">\n\t\t\t\t\t<div class=\"elementor-column elementor-col-100 elementor-top-column elementor-element elementor-element-3a8e994\" data-id=\"3a8e994\" data-element_type=\"column\" data-e-type=\"column\">\n\t\t\t<div class=\"elementor-widget-wrap elementor-element-populated\">\n\t\t\t\t\t\t<div class=\"elementor-element elementor-element-a2ae5ee elementor-widget elementor-widget-heading\" data-id=\"a2ae5ee\" data-element_type=\"widget\" data-e-type=\"widget\" data-widget_type=\"heading.default\">\n\t\t\t\t<div class=\"elementor-widget-container\">\n\t\t\t\t\t<h2 class=\"elementor-heading-title elementor-size-default\">Programa  Brucelosis y Tuberculosis Bovina<\/h2>\t\t\t\t<\/div>\n\t\t\t\t<\/div>\n\t\t\t\t\t<\/div>\n\t\t<\/div>\n\t\t\t\t\t<\/div>\n\t\t<\/section>\n\t\t\t\t<section class=\"elementor-section elementor-top-section elementor-element elementor-element-aa4ad67 elementor-section-boxed elementor-section-height-default elementor-section-height-default\" data-id=\"aa4ad67\" data-element_type=\"section\" data-e-type=\"section\">\n\t\t\t\t\t\t<div class=\"elementor-container elementor-column-gap-default\">\n\t\t\t\t\t<div class=\"elementor-column elementor-col-100 elementor-top-column elementor-element elementor-element-8e7b571\" data-id=\"8e7b571\" data-element_type=\"column\" data-e-type=\"column\">\n\t\t\t<div class=\"elementor-widget-wrap elementor-element-populated\">\n\t\t\t\t\t\t<div class=\"elementor-element elementor-element-b425d52 elementor-widget elementor-widget-text-editor\" data-id=\"b425d52\" data-element_type=\"widget\" data-e-type=\"widget\" data-widget_type=\"text-editor.default\">\n\t\t\t\t<div class=\"elementor-widget-container\">\n\t\t\t\t\t\t\t\t\t<p><span style=\"font-weight: 400; font-family: pluto-sans;\">El Programa enmarca un conjunto de acciones en pro de la Prevenci\u00f3n, Control y Erradicaci\u00f3n de Brucelosis y Tuberculosis Bovina, promoviendo la certificaci\u00f3n de hatos libres.<\/span><\/p><ul><li><span style=\"font-weight: 400; font-family: pluto-sans;\">Brucelosis Bovina<\/span><\/li><li><span style=\"font-family: pluto-sans;\"><span style=\"font-weight: 400;\">Tuberculosis Bovina.<br \/><br \/><\/span><b><i>Nuestros servicios<\/i><\/b><\/span><\/li><li><span style=\"font-weight: 400; font-family: pluto-sans;\">Certificaci\u00f3n de Fincas Libres de Brucelosis y Tuberculosis Bovina<\/span><\/li><li><span style=\"font-weight: 400; font-family: pluto-sans;\">Constancia de Finca en Proceso de Certificaci\u00f3n<\/span><\/li><li><span style=\"font-weight: 400; font-family: pluto-sans;\">Muestreos de hato para el diagn\u00f3stico de Brucelosis Bovina<\/span><\/li><li><span style=\"font-weight: 400; font-family: pluto-sans;\">Aplicaci\u00f3n de Pruebas de campo para el diagn\u00f3stico de Tuberculosis Bovina<\/span><\/li><li><span style=\"font-weight: 400; font-family: pluto-sans;\">Saneamiento de Hatos infectados con Brucelosis Bovina<\/span><\/li><li><span style=\"font-weight: 400; font-family: pluto-sans;\">Saneamiento de Hatos infectados con Tuberculosis Bovina<\/span><\/li><li>Vacunaci\u00f3n a hatos en saneamiento contra la Brucelosis Bovina<\/li><li>Registro de corrales de engorde<\/li><\/ul>\t\t\t\t\t\t\t\t<\/div>\n\t\t\t\t<\/div>\n\t\t\t\t\t<\/div>\n\t\t<\/div>\n\t\t\t\t\t<\/div>\n\t\t<\/section>\n\t\t\t\t<section class=\"elementor-section elementor-top-section elementor-element elementor-element-f343df1 elementor-section-boxed elementor-section-height-default elementor-section-height-default\" data-id=\"f343df1\" data-element_type=\"section\" data-e-type=\"section\">\n\t\t\t\t\t\t<div class=\"elementor-container elementor-column-gap-default\">\n\t\t\t\t\t<div class=\"elementor-column elementor-col-100 elementor-top-column elementor-element elementor-element-684aeb1\" data-id=\"684aeb1\" data-element_type=\"column\" data-e-type=\"column\">\n\t\t\t<div class=\"elementor-widget-wrap elementor-element-populated\">\n\t\t\t\t\t\t<div class=\"elementor-element elementor-element-7f75c12 elementor-align-center elementor-widget elementor-widget-button\" data-id=\"7f75c12\" data-element_type=\"widget\" data-e-type=\"widget\" data-widget_type=\"button.default\">\n\t\t\t\t<div class=\"elementor-widget-container\">\n\t\t\t\t\t\t\t\t\t<div class=\"elementor-button-wrapper\">\n\t\t\t\t\t<a class=\"elementor-button elementor-button-link elementor-size-sm\" href=\"https:\/\/senasa.gob.hn\/web\/salud-animal-3\/\">\n\t\t\t\t\t\t<span class=\"elementor-button-content-wrapper\">\n\t\t\t\t\t\t\t\t\t<span class=\"elementor-button-text\">Requisito GER<\/span>\n\t\t\t\t\t<\/span>\n\t\t\t\t\t<\/a>\n\t\t\t\t<\/div>\n\t\t\t\t\t\t\t\t<\/div>\n\t\t\t\t<\/div>\n\t\t\t\t\t<\/div>\n\t\t<\/div>\n\t\t\t\t\t<\/div>\n\t\t<\/section>\n\t\t\t\t<\/div>\n\t\t","protected":false},"excerpt":{"rendered":"<p>Programa Brucelosis y Tuberculosis Bovina El Programa enmarca un conjunto de acciones en pro de la Prevenci\u00f3n, Control y Erradicaci\u00f3n de Brucelosis y Tuberculosis Bovina, promoviendo la certificaci\u00f3n de hatos libres. Brucelosis Bovina Tuberculosis Bovina. Nuestros servicios Certificaci\u00f3n de Fincas Libres de Brucelosis y Tuberculosis Bovina Constancia de Finca en Proceso de Certificaci\u00f3n Muestreos de &hellip;<\/p>\n<p class=\"read-more\"> <a class=\"\" href=\"https:\/\/senasa.gob.hn\/web\/programa-de-brucelosis-y-tuberculosis\/\"> <span class=\"screen-reader-text\">Programa de Brucelosis y Tuberculosis<\/span> Leer m\u00e1s &raquo;<\/a><\/p>\n","protected":false},"author":1,"featured_media":0,"parent":0,"menu_order":0,"comment_status":"closed","ping_status":"closed","template":"","meta":{"ub_ctt_via":"","site-sidebar-layout":"no-sidebar","site-content-layout":"page-builder","ast-main-header-display":"","ast-hfb-above-header-display":"","ast-hfb-below-header-display":"","ast-hfb-mobile-header-display":"","site-post-title":"disabled","ast-breadcrumbs-content":"","ast-featured-img":"disabled","footer-sml-layout":"","theme-transparent-header-meta":"default","adv-header-id-meta":"","stick-header-meta":"","header-above-stick-meta":"","header-main-stick-meta":"","header-below-stick-meta":"","footnotes":""},"class_list":["post-1338","page","type-page","status-publish","hentry"],"featured_image_src":null,"_links":{"self":[{"href":"https:\/\/senasa.gob.hn\/web\/wp-json\/wp\/v2\/pages\/1338","targetHints":{"allow":["GET"]}}],"collection":[{"href":"https:\/\/senasa.gob.hn\/web\/wp-json\/wp\/v2\/pages"}],"about":[{"href":"https:\/\/senasa.gob.hn\/web\/wp-json\/wp\/v2\/types\/page"}],"author":[{"embeddable":true,"href":"https:\/\/senasa.gob.hn\/web\/wp-json\/wp\/v2\/users\/1"}],"replies":[{"embeddable":true,"href":"https:\/\/senasa.gob.hn\/web\/wp-json\/wp\/v2\/comments?post=1338"}],"version-history":[{"count":5,"href":"https:\/\/senasa.gob.hn\/web\/wp-json\/wp\/v2\/pages\/1338\/revisions"}],"predecessor-version":[{"id":6253,"href":"https:\/\/senasa.gob.hn\/web\/wp-json\/wp\/v2\/pages\/1338\/revisions\/6253"}],"wp:attachment":[{"href":"https:\/\/senasa.gob.hn\/web\/wp-json\/wp\/v2\/media?parent=1338"}],"curies":[{"name":"wp","href":"https:\/\/api.w.org\/{rel}","templated":true}]}}