{"id":1178,"date":"2021-11-11T13:40:27","date_gmt":"2021-11-11T13:40:27","guid":{"rendered":"https:\/\/senasa.gob.hn\/web\/?page_id=1178"},"modified":"2022-07-22T17:51:09","modified_gmt":"2022-07-22T17:51:09","slug":"departamento-de-epidemiologia","status":"publish","type":"page","link":"https:\/\/senasa.gob.hn\/web\/departamento-de-epidemiologia\/","title":{"rendered":"Departamento de Epidemiologia"},"content":{"rendered":"<p>Epidemiolog\u00eda<br \/>\n<a href=\"https:\/\/senasa.gob.hn\/web\/programa-avicola-nacional\"><br \/>\n<img loading=\"lazy\" decoding=\"async\" width=\"150\" height=\"150\" src=\"https:\/\/senasa.gob.hn\/web\/wp-content\/uploads\/2022\/02\/avers43-150x150.png\" alt=\"\" loading=\"lazy\" srcset=\"https:\/\/senasa.gob.hn\/web\/wp-content\/uploads\/2022\/02\/avers43-150x150.png 150w, https:\/\/senasa.gob.hn\/web\/wp-content\/uploads\/2022\/02\/avers43-300x300.png 300w, https:\/\/senasa.gob.hn\/web\/wp-content\/uploads\/2022\/02\/avers43-100x100.png 100w\" sizes=\"auto, (max-width: 150px) 100vw, 150px\">\t\t\t\t\t\t\t\t<\/a><br \/>\n<a href=\"https:\/\/senasa.gob.hn\/web\/programa-avicola-nacional\">Programa Av\u00edcola Nacional <\/a><br \/>\n<a href=\"https:\/\/senasa.gob.hn\/web\/programa-de-brucelosis-y-tuberculosis\/\"><br \/>\n<img loading=\"lazy\" decoding=\"async\" width=\"150\" height=\"150\" src=\"https:\/\/senasa.gob.hn\/web\/wp-content\/uploads\/2022\/02\/bruselo2443-150x150.png\" alt=\"\" loading=\"lazy\" srcset=\"https:\/\/senasa.gob.hn\/web\/wp-content\/uploads\/2022\/02\/bruselo2443-150x150.png 150w, https:\/\/senasa.gob.hn\/web\/wp-content\/uploads\/2022\/02\/bruselo2443-300x300.png 300w, https:\/\/senasa.gob.hn\/web\/wp-content\/uploads\/2022\/02\/bruselo2443-100x100.png 100w\" sizes=\"auto, (max-width: 150px) 100vw, 150px\">\t\t\t\t\t\t\t\t<\/a><br \/>\nPrograma de Brucelosis y Tuberculosis<br \/>\n<a href=\"https:\/\/senasa.gob.hn\/web\/programa-de-salud-acuicola-y-pesquera\"><br \/>\n<img loading=\"lazy\" decoding=\"async\" width=\"150\" height=\"150\" src=\"https:\/\/senasa.gob.hn\/web\/wp-content\/uploads\/2021\/11\/WhatsApp-Image-2021-11-12-at-2.35.03-PM-150x150.jpeg\" alt=\"\" loading=\"lazy\" srcset=\"https:\/\/senasa.gob.hn\/web\/wp-content\/uploads\/2021\/11\/WhatsApp-Image-2021-11-12-at-2.35.03-PM-150x150.jpeg 150w, https:\/\/senasa.gob.hn\/web\/wp-content\/uploads\/2021\/11\/WhatsApp-Image-2021-11-12-at-2.35.03-PM-300x300.jpeg 300w, https:\/\/senasa.gob.hn\/web\/wp-content\/uploads\/2021\/11\/WhatsApp-Image-2021-11-12-at-2.35.03-PM-100x100.jpeg 100w\" sizes=\"auto, (max-width: 150px) 100vw, 150px\">\t\t\t\t\t\t\t\t<\/a><br \/>\n<a href=\"https:\/\/senasa.gob.hn\/web\/programa-de-salud-acuicola-y-pesquera\">Programa de Salud Acu\u00edcola y Pesquera<\/a><br \/>\n<a href=\"https:\/\/senasa.gob.hn\/web\/programa-de-enfermedades-exoticas\"><br \/>\n<img loading=\"lazy\" decoding=\"async\" width=\"150\" height=\"150\" src=\"https:\/\/senasa.gob.hn\/web\/wp-content\/uploads\/2022\/02\/exot234-150x150.png\" alt=\"\" loading=\"lazy\" srcset=\"https:\/\/senasa.gob.hn\/web\/wp-content\/uploads\/2022\/02\/exot234-150x150.png 150w, https:\/\/senasa.gob.hn\/web\/wp-content\/uploads\/2022\/02\/exot234-300x300.png 300w, https:\/\/senasa.gob.hn\/web\/wp-content\/uploads\/2022\/02\/exot234-100x100.png 100w\" sizes=\"auto, (max-width: 150px) 100vw, 150px\">\t\t\t\t\t\t\t\t<\/a><br \/>\nPrograma de Enfermedades Ex\u00f3ticas<br \/>\n<a href=\"https:\/\/senasa.gob.hn\/web\/vigilancia-de-enfermedades-en-equinos\/\"><br \/>\n<img loading=\"lazy\" decoding=\"async\" width=\"150\" height=\"150\" src=\"https:\/\/senasa.gob.hn\/web\/wp-content\/uploads\/2022\/02\/equinos223-150x150.png\" alt=\"\" loading=\"lazy\" srcset=\"https:\/\/senasa.gob.hn\/web\/wp-content\/uploads\/2022\/02\/equinos223-150x150.png 150w, https:\/\/senasa.gob.hn\/web\/wp-content\/uploads\/2022\/02\/equinos223-300x300.png 300w, https:\/\/senasa.gob.hn\/web\/wp-content\/uploads\/2022\/02\/equinos223-100x100.png 100w\" sizes=\"auto, (max-width: 150px) 100vw, 150px\">\t\t\t\t\t\t\t\t<\/a><br \/>\n<a href=\"https:\/\/senasa.gob.hn\/web\/vigilancia-de-enfermedades-en-equinos\/\">Vigilancia de Enfermedades en Equinos<\/a><br \/>\n<a href=\"https:\/\/senasa.gob.hn\/web\/vigilancia-de-enfermedades-porcinas\/\"><br \/>\n<img loading=\"lazy\" decoding=\"async\" width=\"150\" height=\"150\" src=\"https:\/\/senasa.gob.hn\/web\/wp-content\/uploads\/2022\/02\/pps12-1-150x150.png\" alt=\"\" loading=\"lazy\" srcset=\"https:\/\/senasa.gob.hn\/web\/wp-content\/uploads\/2022\/02\/pps12-1-150x150.png 150w, https:\/\/senasa.gob.hn\/web\/wp-content\/uploads\/2022\/02\/pps12-1-300x300.png 300w, https:\/\/senasa.gob.hn\/web\/wp-content\/uploads\/2022\/02\/pps12-1-100x100.png 100w\" sizes=\"auto, (max-width: 150px) 100vw, 150px\">\t\t\t\t\t\t\t\t<\/a><br \/>\n<a href=\"https:\/\/senasa.gob.hn\/web\/vigilancia-de-enfermedades-porcinas\/\">Vigilancia de Enfermedades Porcinas <\/a><br \/>\n<a href=\"https:\/\/senasa.gob.hn\/web\/vigilancia-de-rabia-paralitica-bovina\/\"><br \/>\n<img loading=\"lazy\" decoding=\"async\" width=\"150\" height=\"150\" src=\"https:\/\/senasa.gob.hn\/web\/wp-content\/uploads\/2021\/11\/SALUD-ANIMAL-1-150x150.jpg\" alt=\"\" loading=\"lazy\" srcset=\"https:\/\/senasa.gob.hn\/web\/wp-content\/uploads\/2021\/11\/SALUD-ANIMAL-1-150x150.jpg 150w, https:\/\/senasa.gob.hn\/web\/wp-content\/uploads\/2021\/11\/SALUD-ANIMAL-1-300x300.jpg 300w, https:\/\/senasa.gob.hn\/web\/wp-content\/uploads\/2021\/11\/SALUD-ANIMAL-1-100x100.jpg 100w\" sizes=\"auto, (max-width: 150px) 100vw, 150px\">\t\t\t\t\t\t\t\t<\/a><br \/>\n<a href=\"https:\/\/senasa.gob.hn\/web\/vigilancia-de-rabia-paralitica-bovina\/\">Vigilancia de Rabia Paral\u00edtica Bovina <\/a><\/p>\n","protected":false},"excerpt":{"rendered":"<p>Epidemiolog\u00eda Programa Av\u00edcola Nacional Programa de Brucelosis y Tuberculosis Programa de Salud Acu\u00edcola y Pesquera Programa de Enfermedades Ex\u00f3ticas Vigilancia de Enfermedades en Equinos Vigilancia de Enfermedades Porcinas Vigilancia de Rabia Paral\u00edtica Bovina<\/p>\n","protected":false},"author":1,"featured_media":0,"parent":0,"menu_order":0,"comment_status":"closed","ping_status":"closed","template":"","meta":{"ub_ctt_via":"","site-sidebar-layout":"no-sidebar","site-content-layout":"page-builder","ast-main-header-display":"","ast-hfb-above-header-display":"","ast-hfb-below-header-display":"","ast-hfb-mobile-header-display":"","site-post-title":"disabled","ast-breadcrumbs-content":"","ast-featured-img":"disabled","footer-sml-layout":"","theme-transparent-header-meta":"default","adv-header-id-meta":"","stick-header-meta":"","header-above-stick-meta":"","header-main-stick-meta":"","header-below-stick-meta":"","footnotes":""},"class_list":["post-1178","page","type-page","status-publish","hentry"],"featured_image_src":null,"_links":{"self":[{"href":"https:\/\/senasa.gob.hn\/web\/wp-json\/wp\/v2\/pages\/1178","targetHints":{"allow":["GET"]}}],"collection":[{"href":"https:\/\/senasa.gob.hn\/web\/wp-json\/wp\/v2\/pages"}],"about":[{"href":"https:\/\/senasa.gob.hn\/web\/wp-json\/wp\/v2\/types\/page"}],"author":[{"embeddable":true,"href":"https:\/\/senasa.gob.hn\/web\/wp-json\/wp\/v2\/users\/1"}],"replies":[{"embeddable":true,"href":"https:\/\/senasa.gob.hn\/web\/wp-json\/wp\/v2\/comments?post=1178"}],"version-history":[{"count":5,"href":"https:\/\/senasa.gob.hn\/web\/wp-json\/wp\/v2\/pages\/1178\/revisions"}],"predecessor-version":[{"id":6965,"href":"https:\/\/senasa.gob.hn\/web\/wp-json\/wp\/v2\/pages\/1178\/revisions\/6965"}],"wp:attachment":[{"href":"https:\/\/senasa.gob.hn\/web\/wp-json\/wp\/v2\/media?parent=1178"}],"curies":[{"name":"wp","href":"https:\/\/api.w.org\/{rel}","templated":true}]}}